{"id":7996,"date":"2025-05-14T11:35:42","date_gmt":"2025-05-14T09:35:42","guid":{"rendered":"https:\/\/classysassybutik.pl\/?post_type=product&#038;p=7996"},"modified":"2025-06-29T08:46:13","modified_gmt":"2025-06-29T06:46:13","slug":"komplet-bawelniany-spodenki-koszula-rozowo-blekitny","status":"publish","type":"product","link":"https:\/\/classysassybutik.pl\/en\/product\/komplet-bawelniany-spodenki-koszula-rozowo-blekitny\/","title":{"rendered":"Cotton set Shorts Shirt Pink and blue"},"content":{"rendered":"<p>The striped set is a stylish and versatile piece that combines elegance with comfort. Thanks to its fashionable pattern and refined details, it is perfect for summer styling.<\/p>\n<p>Polish product<\/p>\n<p>Composition: 95% cotton 5% elastane<\/p>","protected":false},"excerpt":{"rendered":"<p>Pasiasty komplet to stylowa i wszechstronna propozycja, kt\u00f3ra \u0142\u0105czy elegancj\u0119 z wygod\u0105. Dzi\u0119ki modnemu wzorowi i dopracowanym detalom \u015bwietnie sprawdzi si\u0119 w letnich stylizacjach. Produkt Polski Sk\u0142ad: 95% bawe\u0142na 5% elastan<\/p>","protected":false},"featured_media":7997,"comment_status":"open","ping_status":"closed","template":"","meta":[],"product_brand":[],"product_cat":[21,94,33],"product_tag":[],"class_list":{"0":"post-7996","1":"product","2":"type-product","3":"status-publish","4":"has-post-thumbnail","6":"product_cat-komplety","7":"product_cat-nowosci","8":"product_cat-wyprzedaz","10":"first","11":"instock","12":"sale","13":"shipping-taxable","14":"purchasable","15":"product-type-simple"},"_links":{"self":[{"href":"https:\/\/classysassybutik.pl\/en\/wp-json\/wp\/v2\/product\/7996","targetHints":{"allow":["GET"]}}],"collection":[{"href":"https:\/\/classysassybutik.pl\/en\/wp-json\/wp\/v2\/product"}],"about":[{"href":"https:\/\/classysassybutik.pl\/en\/wp-json\/wp\/v2\/types\/product"}],"replies":[{"embeddable":true,"href":"https:\/\/classysassybutik.pl\/en\/wp-json\/wp\/v2\/comments?post=7996"}],"wp:featuredmedia":[{"embeddable":true,"href":"https:\/\/classysassybutik.pl\/en\/wp-json\/wp\/v2\/media\/7997"}],"wp:attachment":[{"href":"https:\/\/classysassybutik.pl\/en\/wp-json\/wp\/v2\/media?parent=7996"}],"wp:term":[{"taxonomy":"product_brand","embeddable":true,"href":"https:\/\/classysassybutik.pl\/en\/wp-json\/wp\/v2\/product_brand?post=7996"},{"taxonomy":"product_cat","embeddable":true,"href":"https:\/\/classysassybutik.pl\/en\/wp-json\/wp\/v2\/product_cat?post=7996"},{"taxonomy":"product_tag","embeddable":true,"href":"https:\/\/classysassybutik.pl\/en\/wp-json\/wp\/v2\/product_tag?post=7996"}],"curies":[{"name":"wp","href":"https:\/\/api.w.org\/{rel}","templated":true}]}}