{"id":8019,"date":"2025-05-14T16:33:57","date_gmt":"2025-05-14T14:33:57","guid":{"rendered":"https:\/\/classysassybutik.pl\/?post_type=product&#038;p=8019"},"modified":"2025-06-24T20:50:50","modified_gmt":"2025-06-24T18:50:50","slug":"sukienka-gorsetowa-maxi-la-milla-czekoladowa","status":"publish","type":"product","link":"https:\/\/classysassybutik.pl\/en\/product\/sukienka-gorsetowa-maxi-la-milla-czekoladowa\/","title":{"rendered":"Corseted Maxi Dress La Milla Chocolate"},"content":{"rendered":"<p>Sensual and elegant - the long corset dress is the perfect choice for special occasions. Made of stretchy fabric, it fits perfectly to the silhouette, emphasising the feminine curves. The corset cut models the waist and provides a striking, feminine look. Thanks to the maxi length and elaborate details, this dress not only impresses with its cut, but also with its comfort of wear.<\/p>\n<p>&nbsp;<\/p>\n<p><strong>Original product of the Polish company LaMilla<\/strong><\/p>\n<p>&nbsp;<\/p>\n<p>Composition: 95% viscose, 5%elastane<\/p>\n<p><strong>\u00a0<\/strong><\/p>\n<p><strong>Size XS\/S<br \/>\n<\/strong><\/p>\n<p>Width between armpits 40-41 cm x2<\/p>\n<p>Hips width 46 cm x2<\/p>\n<p>Width at bottom 72 cmx2<\/p>\n<p>Length 134 cm<\/p>\n<p>&nbsp;<\/p>\n<p><strong>Size M\/L<br \/>\n<\/strong><\/p>\n<p>Width between armpits 42-43cm x2<\/p>\n<p>Hips width 50 cm x2<\/p>\n<p>Width at bottom 76 cmx2<\/p>\n<p>Length 135 cm<\/p>\n<blockquote><p>The measurements given are the outer measurements of the garment measured flat without stretching.<\/p><\/blockquote>","protected":false},"excerpt":{"rendered":"<p>Zmys\u0142owa i elegancka \u2013 d\u0142uga sukienka gorsetowa to idealny wyb\u00f3r na wyj\u0105tkowe okazje. Uszyta z elastycznego materia\u0142u, perfekcyjnie dopasowuje si\u0119 do sylwetki, podkre\u015blaj\u0105c kobiece kszta\u0142ty. Gorsetowy kr\u00f3j modeluje tali\u0119 i zapewnia efektowny, kobiecy wygl\u0105d. Dzi\u0119ki d\u0142ugo\u015bci maxi i dopracowanym detalom, ta sukienka zachwyca nie tylko fasonem, ale te\u017c komfortem noszenia. &nbsp; Oryginalny produkt polskiej firmy [&hellip;]<\/p>","protected":false},"featured_media":8027,"comment_status":"open","ping_status":"closed","template":"","meta":[],"product_brand":[],"product_cat":[94,20],"product_tag":[],"class_list":{"0":"post-8019","1":"product","2":"type-product","3":"status-publish","4":"has-post-thumbnail","6":"product_cat-nowosci","7":"product_cat-sukienki","9":"first","10":"instock","11":"sale","12":"shipping-taxable","13":"purchasable","14":"product-type-variable"},"_links":{"self":[{"href":"https:\/\/classysassybutik.pl\/en\/wp-json\/wp\/v2\/product\/8019","targetHints":{"allow":["GET"]}}],"collection":[{"href":"https:\/\/classysassybutik.pl\/en\/wp-json\/wp\/v2\/product"}],"about":[{"href":"https:\/\/classysassybutik.pl\/en\/wp-json\/wp\/v2\/types\/product"}],"replies":[{"embeddable":true,"href":"https:\/\/classysassybutik.pl\/en\/wp-json\/wp\/v2\/comments?post=8019"}],"wp:featuredmedia":[{"embeddable":true,"href":"https:\/\/classysassybutik.pl\/en\/wp-json\/wp\/v2\/media\/8027"}],"wp:attachment":[{"href":"https:\/\/classysassybutik.pl\/en\/wp-json\/wp\/v2\/media?parent=8019"}],"wp:term":[{"taxonomy":"product_brand","embeddable":true,"href":"https:\/\/classysassybutik.pl\/en\/wp-json\/wp\/v2\/product_brand?post=8019"},{"taxonomy":"product_cat","embeddable":true,"href":"https:\/\/classysassybutik.pl\/en\/wp-json\/wp\/v2\/product_cat?post=8019"},{"taxonomy":"product_tag","embeddable":true,"href":"https:\/\/classysassybutik.pl\/en\/wp-json\/wp\/v2\/product_tag?post=8019"}],"curies":[{"name":"wp","href":"https:\/\/api.w.org\/{rel}","templated":true}]}}