{"id":8038,"date":"2025-05-14T17:05:58","date_gmt":"2025-05-14T15:05:58","guid":{"rendered":"https:\/\/classysassybutik.pl\/?post_type=product&#038;p=8038"},"modified":"2025-07-07T09:44:53","modified_gmt":"2025-07-07T07:44:53","slug":"sukienka-siateczka-maxi-la-milla-kwiaty-fuksja","status":"publish","type":"product","link":"https:\/\/classysassybutik.pl\/en\/product\/sukienka-siateczka-maxi-la-milla-kwiaty-fuksja\/","title":{"rendered":"La Milla Maxi Mesh Dress Flowers Fuchsia"},"content":{"rendered":"<p>Flaunt a lightweight and modern style in this unique maxi dress. Made from mesh fabric, it creates a sensual yet subtle look - perfect for summer, the beach or evening outings. Thanks to its length, it elongates the silhouette and adds a graceful touch. It has an elastic band for a perfect fit.<\/p>\n<p>DIMENSIONS:<br \/>\nXS\/S: Overall length 135 cm, bust 40 cm,<br \/>\nM\/L: total length 136 cm, bust 42 cm,<\/p>\n<p>COMPOSITION:<br \/>\n5% elastane<br \/>\n95% polyester<\/p>\n<p>POLISH PRODUCT<\/p>\n<p style=\"padding-left: 40px;\">Clothing measured flat. Possible difference in measurements +\/- 2cm.<\/p>","protected":false},"excerpt":{"rendered":"<p>Zachwy\u0107 lekko\u015bci\u0105 i nowoczesnym stylem w tej wyj\u0105tkowej sukience maxi. Uszyta z siateczkowego materia\u0142u, tworzy zmys\u0142ow\u0105, ale subteln\u0105 stylizacj\u0119 \u2013 idealn\u0105 na lato, pla\u017c\u0119 czy wieczorne wyj\u015bcia. Dzi\u0119ki swojej d\u0142ugo\u015bci wyd\u0142u\u017ca sylwetk\u0119 i dodaje jej wdzi\u0119ku. Posiada gumk\u0119, dzi\u0119ki czemu idealnie si\u0119 dopasuj\u0119. WYMIARY: XS\/S:\u00a0d\u0142. ca\u0142kowita 135 cm, biust 40 cm, M\/L:\u00a0d\u0142. ca\u0142kowita 136 cm, [&hellip;]<\/p>","protected":false},"featured_media":8120,"comment_status":"open","ping_status":"closed","template":"","meta":[],"product_brand":[],"product_cat":[94,20],"product_tag":[],"class_list":{"0":"post-8038","1":"product","2":"type-product","3":"status-publish","4":"has-post-thumbnail","6":"product_cat-nowosci","7":"product_cat-sukienki","9":"first","10":"instock","11":"sale","12":"shipping-taxable","13":"purchasable","14":"product-type-variable"},"_links":{"self":[{"href":"https:\/\/classysassybutik.pl\/en\/wp-json\/wp\/v2\/product\/8038","targetHints":{"allow":["GET"]}}],"collection":[{"href":"https:\/\/classysassybutik.pl\/en\/wp-json\/wp\/v2\/product"}],"about":[{"href":"https:\/\/classysassybutik.pl\/en\/wp-json\/wp\/v2\/types\/product"}],"replies":[{"embeddable":true,"href":"https:\/\/classysassybutik.pl\/en\/wp-json\/wp\/v2\/comments?post=8038"}],"wp:featuredmedia":[{"embeddable":true,"href":"https:\/\/classysassybutik.pl\/en\/wp-json\/wp\/v2\/media\/8120"}],"wp:attachment":[{"href":"https:\/\/classysassybutik.pl\/en\/wp-json\/wp\/v2\/media?parent=8038"}],"wp:term":[{"taxonomy":"product_brand","embeddable":true,"href":"https:\/\/classysassybutik.pl\/en\/wp-json\/wp\/v2\/product_brand?post=8038"},{"taxonomy":"product_cat","embeddable":true,"href":"https:\/\/classysassybutik.pl\/en\/wp-json\/wp\/v2\/product_cat?post=8038"},{"taxonomy":"product_tag","embeddable":true,"href":"https:\/\/classysassybutik.pl\/en\/wp-json\/wp\/v2\/product_tag?post=8038"}],"curies":[{"name":"wp","href":"https:\/\/api.w.org\/{rel}","templated":true}]}}