{"id":8058,"date":"2025-05-14T17:17:29","date_gmt":"2025-05-14T15:17:29","guid":{"rendered":"https:\/\/classysassybutik.pl\/?post_type=product&#038;p=8058"},"modified":"2025-09-29T10:08:49","modified_gmt":"2025-09-29T08:08:49","slug":"marynarka-z-wiazaniem-w-pasie-fango","status":"publish","type":"product","link":"https:\/\/classysassybutik.pl\/en\/product\/marynarka-z-wiazaniem-w-pasie-fango\/","title":{"rendered":"Fango waist tie jacket"},"content":{"rendered":"<p><strong>Universal size<\/strong><\/p>\n<p>&nbsp;<\/p>\n<p><strong>Composition<\/strong>: 95% cotton, 5% elastane<\/p>\n<p>Shoulder pads.<\/p>\n<p><strong>Dimensions:<\/p>\n<p><\/strong>Overall length: 70 cm<br \/>\nBust circumference: 116 cm<br \/>\nSleeve length from armpit: 43 cm<\/p>\n<p><strong>Clothes measured flat! Individual measurements may vary +\/- 2 cm.<\/strong><\/p>","protected":false},"excerpt":{"rendered":"<p>Rozmiar Uniwersalny &nbsp; Sk\u0142ad: 95% bawe\u0142na, 5% elastan Poduszki na ramionach. Wymiary: D\u0142ugo\u015b\u0107 ca\u0142kowita: 70 cm Obw\u00f3d w biu\u015bcie: 116 cm D\u0142ugo\u015b\u0107 r\u0119kawa od pachy: 43 cm Ubrania mierzone na p\u0142asko! Poszczeg\u00f3lne wymiary mog\u0105 r\u00f3\u017cni\u0107 si\u0119 +\/- 2 cm.<\/p>","protected":false},"featured_media":8059,"comment_status":"open","ping_status":"closed","template":"","meta":[],"product_brand":[],"product_cat":[29,94],"product_tag":[],"class_list":{"0":"post-8058","1":"product","2":"type-product","3":"status-publish","4":"has-post-thumbnail","6":"product_cat-marynarki","7":"product_cat-nowosci","9":"first","10":"instock","11":"sale","12":"shipping-taxable","13":"purchasable","14":"product-type-simple"},"_links":{"self":[{"href":"https:\/\/classysassybutik.pl\/en\/wp-json\/wp\/v2\/product\/8058","targetHints":{"allow":["GET"]}}],"collection":[{"href":"https:\/\/classysassybutik.pl\/en\/wp-json\/wp\/v2\/product"}],"about":[{"href":"https:\/\/classysassybutik.pl\/en\/wp-json\/wp\/v2\/types\/product"}],"replies":[{"embeddable":true,"href":"https:\/\/classysassybutik.pl\/en\/wp-json\/wp\/v2\/comments?post=8058"}],"wp:featuredmedia":[{"embeddable":true,"href":"https:\/\/classysassybutik.pl\/en\/wp-json\/wp\/v2\/media\/8059"}],"wp:attachment":[{"href":"https:\/\/classysassybutik.pl\/en\/wp-json\/wp\/v2\/media?parent=8058"}],"wp:term":[{"taxonomy":"product_brand","embeddable":true,"href":"https:\/\/classysassybutik.pl\/en\/wp-json\/wp\/v2\/product_brand?post=8058"},{"taxonomy":"product_cat","embeddable":true,"href":"https:\/\/classysassybutik.pl\/en\/wp-json\/wp\/v2\/product_cat?post=8058"},{"taxonomy":"product_tag","embeddable":true,"href":"https:\/\/classysassybutik.pl\/en\/wp-json\/wp\/v2\/product_tag?post=8058"}],"curies":[{"name":"wp","href":"https:\/\/api.w.org\/{rel}","templated":true}]}}