{"id":8104,"date":"2025-05-14T18:39:43","date_gmt":"2025-05-14T16:39:43","guid":{"rendered":"https:\/\/classysassybutik.pl\/?post_type=product&#038;p=8104"},"modified":"2025-05-14T18:39:44","modified_gmt":"2025-05-14T16:39:44","slug":"spodnie-koronkowe-dzwony-la-milla-czarne","status":"publish","type":"product","link":"https:\/\/classysassybutik.pl\/en\/product\/spodnie-koronkowe-dzwony-la-milla-czarne\/","title":{"rendered":"La Milla Lace Bell Trousers Black"},"content":{"rendered":"<p><strong>Unique and striking trousers are a must-have for any wardrobe. They are made of subtle, transparent lace with delicate floral patterns. The model is a fashionable bell cut with flared legs that look airy and light. It has a short lining and elastic waistband for a perfect fit.<\/strong><\/p>\n<p>&nbsp;<\/p>\n<p>36\/S<\/p>\n<p>Overall length - 116 cm<br \/>\nOverall length of lining - 29 cm<br \/>\nLeg length from crotch - 89 cm<br \/>\nFront height - 28 cm<br \/>\nRear height - 33 cm<br \/>\nWaist width - 32-40 cm<br \/>\nWidth at hips - 43 cm<br \/>\nThigh width - 24 cm<br \/>\nLeg width at bottom - 42 cm<\/p>\n<p>38\/M<\/p>\n<p>Overall length - 118 cm<br \/>\nTotal length of lining - 30 cm<br \/>\nLeg length from crotch - 90 cm<br \/>\nFront height - 30 cm<br \/>\nRear height - 35 cm<br \/>\nWaist width - 34-42 cm<br \/>\nWidth at hips - 45 cm<br \/>\nThigh width - 26 cm<br \/>\nLeg width at bottom - 44 cm<\/p>\n<p>&nbsp;<\/p>\n<p>Material composition:<br \/>\n95% Polyester<br \/>\n5% Elastane<\/p>","protected":false},"excerpt":{"rendered":"<p>Niepowtarzalne spodnie w efektownym wydaniu to propozycja, kt\u00f3ra w ka\u017cdej garderobie zrobi furor\u0119. Wykonane zosta\u0142y z subtelnej, transparentnej koronki w delikatne, kwiatowe wzory. To model o modnym kroju dzwon\u00f3w z rozszerzanymi ku do\u0142owi nogawkami, kt\u00f3re prezentuj\u0105 si\u0119 zwiewnie i lekko. Posiada kr\u00f3tk\u0105 podszewk\u0119, a tak\u017ce elastyczn\u0105 gumk\u0119 w pasie, dzi\u0119ki kt\u00f3rej ca\u0142o\u015b\u0107 idealnie dopasowuje si\u0119 [&hellip;]<\/p>","protected":false},"featured_media":8105,"comment_status":"open","ping_status":"closed","template":"","meta":[],"product_brand":[],"product_cat":[94,30],"product_tag":[],"class_list":{"0":"post-8104","1":"product","2":"type-product","3":"status-publish","4":"has-post-thumbnail","6":"product_cat-nowosci","7":"product_cat-spodnie","9":"first","10":"instock","11":"shipping-taxable","12":"purchasable","13":"product-type-variable"},"_links":{"self":[{"href":"https:\/\/classysassybutik.pl\/en\/wp-json\/wp\/v2\/product\/8104","targetHints":{"allow":["GET"]}}],"collection":[{"href":"https:\/\/classysassybutik.pl\/en\/wp-json\/wp\/v2\/product"}],"about":[{"href":"https:\/\/classysassybutik.pl\/en\/wp-json\/wp\/v2\/types\/product"}],"replies":[{"embeddable":true,"href":"https:\/\/classysassybutik.pl\/en\/wp-json\/wp\/v2\/comments?post=8104"}],"wp:featuredmedia":[{"embeddable":true,"href":"https:\/\/classysassybutik.pl\/en\/wp-json\/wp\/v2\/media\/8105"}],"wp:attachment":[{"href":"https:\/\/classysassybutik.pl\/en\/wp-json\/wp\/v2\/media?parent=8104"}],"wp:term":[{"taxonomy":"product_brand","embeddable":true,"href":"https:\/\/classysassybutik.pl\/en\/wp-json\/wp\/v2\/product_brand?post=8104"},{"taxonomy":"product_cat","embeddable":true,"href":"https:\/\/classysassybutik.pl\/en\/wp-json\/wp\/v2\/product_cat?post=8104"},{"taxonomy":"product_tag","embeddable":true,"href":"https:\/\/classysassybutik.pl\/en\/wp-json\/wp\/v2\/product_tag?post=8104"}],"curies":[{"name":"wp","href":"https:\/\/api.w.org\/{rel}","templated":true}]}}