{"id":8178,"date":"2025-05-17T09:08:38","date_gmt":"2025-05-17T07:08:38","guid":{"rendered":"https:\/\/classysassybutik.pl\/?post_type=product&#038;p=8178"},"modified":"2025-12-16T19:51:37","modified_gmt":"2025-12-16T18:51:37","slug":"komplet-dlugie-spodnie-bluzka-wiskoza-bezowy","status":"publish","type":"product","link":"https:\/\/classysassybutik.pl\/en\/product\/komplet-dlugie-spodnie-bluzka-wiskoza-bezowy\/","title":{"rendered":"Set Long Trousers Blouse Viscose Beige"},"content":{"rendered":"<p>Discover elegance in a casual way with the Davitta set! Made from viscose, this shirt and trousers set is characterised by a loose fit that offers freedom of movement and comfort. Ideal for spring and summer days, it is perfect for both casual and formal occasions. Style it with trendy sneakers and a shopper to create the perfect look for a meeting with friends, and complement it with elegant stilettos and a blazer to create a chic outfit for a night out! The shirt is decorated with imitation pockets, the trousers have an elastic waistband and slip pockets.<\/p>\n<p>&nbsp;<\/p>\n<table class=\"ds-table w-100 font-caption\">\n<thead>\n<tr class=\"black-color bg-gray-100\">\n<th class=\"text-left ds-table--sticky-column position-sticky left-0\">Size<\/th>\n<th class=\"text-center\">\n<div class=\"size-value-international\">ONE SIZE<\/div>\n<\/th>\n<\/tr>\n<\/thead>\n<tbody>\n<tr>\n<td class=\"ds-table--sticky-column font-weight-bold black-color px-4 position-sticky left-0 bg-white\">SHIRT CHEST CIRCUMFERENCE<\/td>\n<td class=\"text-center px-4\">126<\/td>\n<\/tr>\n<tr>\n<td class=\"ds-table--sticky-column font-weight-bold black-color px-4 position-sticky left-0 bg-white\">OVERALL LENGTH OF THE SHIRT<\/td>\n<td class=\"text-center px-4\">46<\/td>\n<\/tr>\n<tr>\n<td class=\"ds-table--sticky-column font-weight-bold black-color px-4 position-sticky left-0 bg-white\">SHIRT SLEEVE LENGTH<\/td>\n<td class=\"text-center px-4\">28<\/td>\n<\/tr>\n<tr>\n<td class=\"ds-table--sticky-column font-weight-bold black-color px-4 position-sticky left-0 bg-white\">WAIST CIRCUMFERENCE IN TROUSERS<\/td>\n<td class=\"text-center px-4\">68<\/td>\n<\/tr>\n<tr>\n<td class=\"ds-table--sticky-column font-weight-bold black-color px-4 position-sticky left-0 bg-white\">HIP CIRCUMFERENCE IN TROUSERS<\/td>\n<td class=\"text-center px-4\">128<\/td>\n<\/tr>\n<tr>\n<td class=\"ds-table--sticky-column font-weight-bold black-color px-4 position-sticky left-0 bg-white\">INSIDE LEG LENGTH OF TROUSERS<\/td>\n<td class=\"text-center px-4\">77<\/td>\n<\/tr>\n<\/tbody>\n<\/table>","protected":false},"excerpt":{"rendered":"<p>Odkryj elegancj\u0119 w casualowym wydaniu z kompletem Davitta! Wykonany z wiskozy, ten zestaw z koszul\u0105 i spodniami charakteryzuje si\u0119 lu\u017anym krojem, kt\u00f3ry zapewnia swobod\u0119 ruch\u00f3w i komfort noszenia. Idealny na wiosenne i letnie dni, doskonale sprawdzi si\u0119 zar\u00f3wno na co dzie\u0144, jak i na formalne okazje. Stylizuj\u0105c go z modnymi sneakersami i shopperk\u0105, uzyskasz idealny [&hellip;]<\/p>","protected":false},"featured_media":8179,"comment_status":"open","ping_status":"closed","template":"","meta":[],"product_brand":[],"product_cat":[94,21],"product_tag":[],"class_list":{"0":"post-8178","1":"product","2":"type-product","3":"status-publish","4":"has-post-thumbnail","6":"product_cat-nowosci","7":"product_cat-komplety","9":"first","10":"instock","11":"sale","12":"shipping-taxable","13":"purchasable","14":"product-type-simple"},"_links":{"self":[{"href":"https:\/\/classysassybutik.pl\/en\/wp-json\/wp\/v2\/product\/8178","targetHints":{"allow":["GET"]}}],"collection":[{"href":"https:\/\/classysassybutik.pl\/en\/wp-json\/wp\/v2\/product"}],"about":[{"href":"https:\/\/classysassybutik.pl\/en\/wp-json\/wp\/v2\/types\/product"}],"replies":[{"embeddable":true,"href":"https:\/\/classysassybutik.pl\/en\/wp-json\/wp\/v2\/comments?post=8178"}],"wp:featuredmedia":[{"embeddable":true,"href":"https:\/\/classysassybutik.pl\/en\/wp-json\/wp\/v2\/media\/8179"}],"wp:attachment":[{"href":"https:\/\/classysassybutik.pl\/en\/wp-json\/wp\/v2\/media?parent=8178"}],"wp:term":[{"taxonomy":"product_brand","embeddable":true,"href":"https:\/\/classysassybutik.pl\/en\/wp-json\/wp\/v2\/product_brand?post=8178"},{"taxonomy":"product_cat","embeddable":true,"href":"https:\/\/classysassybutik.pl\/en\/wp-json\/wp\/v2\/product_cat?post=8178"},{"taxonomy":"product_tag","embeddable":true,"href":"https:\/\/classysassybutik.pl\/en\/wp-json\/wp\/v2\/product_tag?post=8178"}],"curies":[{"name":"wp","href":"https:\/\/api.w.org\/{rel}","templated":true}]}}