{"id":8208,"date":"2025-05-20T09:41:26","date_gmt":"2025-05-20T07:41:26","guid":{"rendered":"https:\/\/classysassybutik.pl\/?post_type=product&#038;p=8208"},"modified":"2025-07-07T09:43:38","modified_gmt":"2025-07-07T07:43:38","slug":"komplet-amalfi-spodnie-dlugie-i-top-muslinowy-czarny","status":"publish","type":"product","link":"https:\/\/classysassybutik.pl\/en\/product\/komplet-amalfi-spodnie-dlugie-i-top-muslinowy-czarny\/","title":{"rendered":"Set Amalfi Long Pants and Top Muslin Black"},"content":{"rendered":"<blockquote><p>This stylish ultra-feminine muslin set is the perfect choice for summer days - whether for a stroll around town or a holiday getaway. Made from a lightweight, breathable material, the set consists of a striking top with a deep neckline and waist tie and loose, airy high-waisted trousers.<\/p><\/blockquote>\n<p><b>Composition:\u00a0<\/b>100% cotton<\/p>\n<p><b>Dimensions:<\/b><\/p>\n<p>Overall length: 108 cm<br \/>\nLeg length: 77 cm<br \/>\nState height: 31 cm<br \/>\nWaist circumference (elastic band): 64 cm to 104 cm when stretched.<br \/>\nHip circumference: 116 cm<\/p>\n<p><b>Clothes measured flat! Individual measurements may vary +\/- 2 cm.<\/b><\/p>\n<p>Polish product.<\/p>","protected":false},"excerpt":{"rendered":"<p>Stylowy niezwykle kobiecy komplet mu\u015blinowe\u00a0 to idealny wyb\u00f3r na letnie dni \u2013 zar\u00f3wno na spacer po mie\u015bcie, jak i na wakacyjne wyjazdy. Wykonany z lekkiego, oddychaj\u0105cego materia\u0142u, zestaw sk\u0142ada si\u0119 z efektownego topu z g\u0142\u0119bokim dekoltem i wi\u0105zaniem w talii oraz lu\u017anych, zwiewnych spodni z wysokim stanem. Sk\u0142ad:\u00a0100% bawe\u0142na Wymiary: D\u0142ugo\u015b\u0107 ca\u0142kowita: 108 cm D\u0142ugo\u015b\u0107 [&hellip;]<\/p>","protected":false},"featured_media":8209,"comment_status":"open","ping_status":"closed","template":"","meta":[],"product_brand":[],"product_cat":[21,94],"product_tag":[],"class_list":{"0":"post-8208","1":"product","2":"type-product","3":"status-publish","4":"has-post-thumbnail","6":"product_cat-komplety","7":"product_cat-nowosci","9":"first","10":"instock","11":"sale","12":"shipping-taxable","13":"purchasable","14":"product-type-simple"},"_links":{"self":[{"href":"https:\/\/classysassybutik.pl\/en\/wp-json\/wp\/v2\/product\/8208","targetHints":{"allow":["GET"]}}],"collection":[{"href":"https:\/\/classysassybutik.pl\/en\/wp-json\/wp\/v2\/product"}],"about":[{"href":"https:\/\/classysassybutik.pl\/en\/wp-json\/wp\/v2\/types\/product"}],"replies":[{"embeddable":true,"href":"https:\/\/classysassybutik.pl\/en\/wp-json\/wp\/v2\/comments?post=8208"}],"wp:featuredmedia":[{"embeddable":true,"href":"https:\/\/classysassybutik.pl\/en\/wp-json\/wp\/v2\/media\/8209"}],"wp:attachment":[{"href":"https:\/\/classysassybutik.pl\/en\/wp-json\/wp\/v2\/media?parent=8208"}],"wp:term":[{"taxonomy":"product_brand","embeddable":true,"href":"https:\/\/classysassybutik.pl\/en\/wp-json\/wp\/v2\/product_brand?post=8208"},{"taxonomy":"product_cat","embeddable":true,"href":"https:\/\/classysassybutik.pl\/en\/wp-json\/wp\/v2\/product_cat?post=8208"},{"taxonomy":"product_tag","embeddable":true,"href":"https:\/\/classysassybutik.pl\/en\/wp-json\/wp\/v2\/product_tag?post=8208"}],"curies":[{"name":"wp","href":"https:\/\/api.w.org\/{rel}","templated":true}]}}