{"id":8224,"date":"2025-05-22T11:39:38","date_gmt":"2025-05-22T09:39:38","guid":{"rendered":"https:\/\/classysassybutik.pl\/?post_type=product&#038;p=8224"},"modified":"2025-12-01T11:49:47","modified_gmt":"2025-12-01T10:49:47","slug":"kurtka-bomberka-krotka-bezowa","status":"publish","type":"product","link":"https:\/\/classysassybutik.pl\/en\/product\/kurtka-bomberka-krotka-bezowa\/","title":{"rendered":"Bomber Jacket Short Beige"},"content":{"rendered":"<div class=\"product-desc-sizes\">\n<div class=\"product-desc-size-item product-desc-size-item-0\">\n<div class=\"product-desc-size-text\">\n<p>Overall length: 53 cm<\/p>\n<p>Width from armpit to armpit: 120cm<\/p>\n<p>Width at shoulders: 120cm<\/p>\n<p>Waist width: 100cm<\/p>\n<p>Width at bottom:100cm<\/p>\n<p>Sleeve length from shoulder: 55 cm<\/p>\n<p>Sleeve length from armpit: 45 cm<\/p>\n<p>Width of biceps:40 cm<\/p>\n<p>&nbsp;<\/p>\n<\/div>\n<\/div>\n<\/div>\n<div class=\"product-desc-additional\">\n<div class=\"product-desc-model\"><\/div>\n<div class=\"product-desc-material\">\n<p><strong>Material composition<\/strong><\/p>\n<p>30% polyurethane , 25% polyester , 25% rayon , 20% elastane<\/p>\n<\/div>\n<\/div>","protected":false},"excerpt":{"rendered":"<p>D\u0142ugo\u015b\u0107 ca\u0142kowita: 53 cm Szeroko\u015b\u0107 od pachy do pachy: 120cm Szeroko\u015b\u0107 w ramionach: 120cm Szeroko\u015b\u0107 w talii: 100cm Szeroko\u015b\u0107 na dole:100cm D\u0142ugo\u015b\u0107 r\u0119kawa od ramienia:55 cm D\u0142ugo\u015b\u0107 r\u0119kawa od pachy: 45 cm Szeroko\u015b\u0107 bicepsu:40 cm &nbsp; Sk\u0142ad materia\u0142u 30% polluretan , 25% poliester , 25% rayon , 20% elastan<\/p>","protected":false},"featured_media":8225,"comment_status":"open","ping_status":"closed","template":"","meta":[],"product_brand":[],"product_cat":[32,33],"product_tag":[],"class_list":{"0":"post-8224","1":"product","2":"type-product","3":"status-publish","4":"has-post-thumbnail","6":"product_cat-okrycia-wierzchnie","7":"product_cat-wyprzedaz","9":"first","10":"instock","11":"sale","12":"shipping-taxable","13":"purchasable","14":"product-type-simple"},"_links":{"self":[{"href":"https:\/\/classysassybutik.pl\/en\/wp-json\/wp\/v2\/product\/8224","targetHints":{"allow":["GET"]}}],"collection":[{"href":"https:\/\/classysassybutik.pl\/en\/wp-json\/wp\/v2\/product"}],"about":[{"href":"https:\/\/classysassybutik.pl\/en\/wp-json\/wp\/v2\/types\/product"}],"replies":[{"embeddable":true,"href":"https:\/\/classysassybutik.pl\/en\/wp-json\/wp\/v2\/comments?post=8224"}],"wp:featuredmedia":[{"embeddable":true,"href":"https:\/\/classysassybutik.pl\/en\/wp-json\/wp\/v2\/media\/8225"}],"wp:attachment":[{"href":"https:\/\/classysassybutik.pl\/en\/wp-json\/wp\/v2\/media?parent=8224"}],"wp:term":[{"taxonomy":"product_brand","embeddable":true,"href":"https:\/\/classysassybutik.pl\/en\/wp-json\/wp\/v2\/product_brand?post=8224"},{"taxonomy":"product_cat","embeddable":true,"href":"https:\/\/classysassybutik.pl\/en\/wp-json\/wp\/v2\/product_cat?post=8224"},{"taxonomy":"product_tag","embeddable":true,"href":"https:\/\/classysassybutik.pl\/en\/wp-json\/wp\/v2\/product_tag?post=8224"}],"curies":[{"name":"wp","href":"https:\/\/api.w.org\/{rel}","templated":true}]}}