{"id":8228,"date":"2025-05-23T12:01:26","date_gmt":"2025-05-23T10:01:26","guid":{"rendered":"https:\/\/classysassybutik.pl\/?post_type=product&#038;p=8228"},"modified":"2025-06-27T10:57:58","modified_gmt":"2025-06-27T08:57:58","slug":"ramoneska-la-milla-camel","status":"publish","type":"product","link":"https:\/\/classysassybutik.pl\/en\/product\/ramoneska-la-milla-camel\/","title":{"rendered":"Ramones La Milla Camel"},"content":{"rendered":"<blockquote><p><em>An insane rameson by La Milla made from the highest quality eco-leather.<\/em><\/p>\n<p><em>Accessories in the form of silver-coloured locks.<\/em><\/p>\n<p><em>Sides of the ramones decorated with interwoven binding.<\/em><\/p>\n<p><em>Universal size.<\/em><\/p>\n<p><em><strong>DIMENSIONS:<\/strong><\/em><\/p>\n<p><em>from armpit to armpit up to 110 cm max.<\/em><\/p>\n<p><em>length from shoulder 46 cm<\/em><\/p>\n<p><em>Sleeve length from armpit 46 cm<\/em><\/p><\/blockquote>","protected":false},"excerpt":{"rendered":"<p>Ob\u0142\u0119dna ramoneska marki La Milla wykonana z najwy\u017cszej jako\u015bci ekosk\u00f3ry. Dodatki w postaci zamk\u00f3w w srebrnym kolorze. Boki ramoneski ozdobione przeplatanym wi\u0105zaniem. Rozmiar uniwersalny. WYMIARY: od pachy do pachy do 110 cm max d\u0142ugo\u015b\u0107 od ramienia 46 cm d\u0142ugo\u015b\u0107 r\u0119kawa od pachy 46 cm<\/p>","protected":false},"featured_media":8229,"comment_status":"open","ping_status":"closed","template":"","meta":[],"product_brand":[],"product_cat":[32,94],"product_tag":[],"class_list":{"0":"post-8228","1":"product","2":"type-product","3":"status-publish","4":"has-post-thumbnail","6":"product_cat-okrycia-wierzchnie","7":"product_cat-nowosci","9":"first","10":"instock","11":"sale","12":"shipping-taxable","13":"purchasable","14":"product-type-simple"},"_links":{"self":[{"href":"https:\/\/classysassybutik.pl\/en\/wp-json\/wp\/v2\/product\/8228","targetHints":{"allow":["GET"]}}],"collection":[{"href":"https:\/\/classysassybutik.pl\/en\/wp-json\/wp\/v2\/product"}],"about":[{"href":"https:\/\/classysassybutik.pl\/en\/wp-json\/wp\/v2\/types\/product"}],"replies":[{"embeddable":true,"href":"https:\/\/classysassybutik.pl\/en\/wp-json\/wp\/v2\/comments?post=8228"}],"wp:featuredmedia":[{"embeddable":true,"href":"https:\/\/classysassybutik.pl\/en\/wp-json\/wp\/v2\/media\/8229"}],"wp:attachment":[{"href":"https:\/\/classysassybutik.pl\/en\/wp-json\/wp\/v2\/media?parent=8228"}],"wp:term":[{"taxonomy":"product_brand","embeddable":true,"href":"https:\/\/classysassybutik.pl\/en\/wp-json\/wp\/v2\/product_brand?post=8228"},{"taxonomy":"product_cat","embeddable":true,"href":"https:\/\/classysassybutik.pl\/en\/wp-json\/wp\/v2\/product_cat?post=8228"},{"taxonomy":"product_tag","embeddable":true,"href":"https:\/\/classysassybutik.pl\/en\/wp-json\/wp\/v2\/product_tag?post=8228"}],"curies":[{"name":"wp","href":"https:\/\/api.w.org\/{rel}","templated":true}]}}