{"id":8287,"date":"2025-06-01T09:03:40","date_gmt":"2025-06-01T07:03:40","guid":{"rendered":"https:\/\/classysassybutik.pl\/?post_type=product&#038;p=8287"},"modified":"2025-06-24T18:59:25","modified_gmt":"2025-06-24T16:59:25","slug":"sukienka-bombka-la-milla-bezowa","status":"publish","type":"product","link":"https:\/\/classysassybutik.pl\/en\/product\/sukienka-bombka-la-milla-bezowa\/","title":{"rendered":"La Milla Beige Bomb Dress"},"content":{"rendered":"<p>Dress by Polish company <a href=\"https:\/\/selavifashion.pl\/pl\/producer\/LaMilla\/44\" target=\"_blank\" rel=\"noopener\">LaMilla<\/a>\u00a0In corset style, with a slightly tulip-shaped bottom decorated with patches. Featuring a concealed zip fastening at the back and tying with a fabric strap.<\/p>\n<p>&nbsp;<\/p>\n<p><strong>Original product of the Polish company LaMilla<\/strong><\/p>\n<p>&nbsp;<\/p>\n<p>Composition: 95% viscose, 5% elastane<\/p>\n<p>&nbsp;<\/p>\n<p><strong>Size XS<\/strong><\/p>\n<p>Width between armpits 38cm x2<\/p>\n<p>Waist width 40 cm x2<\/p>\n<p>Hips width 56cm x2<\/p>\n<p>Width at bottom 62cm x2<\/p>\n<p>Length 63 cm<\/p>\n<p>&nbsp;<\/p>\n<p><strong>Size S<\/strong><\/p>\n<p>Width between armpits 40cm x2<\/p>\n<p>Waist width 42 cm x2<\/p>\n<p>Hips width 60cm x2<\/p>\n<p>Width at bottom 64cm x2<\/p>\n<p>Length 65cm<\/p>\n<p>&nbsp;<\/p>\n<p><strong>Size M<\/strong><\/p>\n<p>Width between armpits 44cm x2<\/p>\n<p>Waist width 45cm x2<\/p>\n<p>Hips width 64cm x2<\/p>\n<p>Width at bottom 68cm x2<\/p>\n<p>Length 67cm<\/p>\n<p>The measurements given are the outer measurements of the garment measured flat without stretching.<\/p>","protected":false},"excerpt":{"rendered":"<p>Sukienka polskiej firmy LaMilla\u00a0w stylu gorsetowym, z lekko tulipanowym do\u0142em ozdobionym patkami. Z ty\u0142u zapi\u0119cie na ukryty suwak i wi\u0105zanie materia\u0142owym paskiem. &nbsp; Oryginalny produkt polskiej firmy LaMilla &nbsp; Sk\u0142ad: 95% wiskoza, 5% elastan &nbsp; Rozmiar XS Szeroko\u015b\u0107 mi\u0119dzy pachami 38cm x2 Szeroko\u015b\u0107 w talii 40 cm x2 Szeroko\u015b\u0107 w biodrach 56cm x2 Szeroko\u015b\u0107 na [&hellip;]<\/p>","protected":false},"featured_media":8288,"comment_status":"open","ping_status":"closed","template":"","meta":[],"product_brand":[],"product_cat":[20,33],"product_tag":[],"class_list":{"0":"post-8287","1":"product","2":"type-product","3":"status-publish","4":"has-post-thumbnail","6":"product_cat-sukienki","7":"product_cat-wyprzedaz","9":"first","10":"instock","11":"sale","12":"shipping-taxable","13":"purchasable","14":"product-type-variable"},"_links":{"self":[{"href":"https:\/\/classysassybutik.pl\/en\/wp-json\/wp\/v2\/product\/8287","targetHints":{"allow":["GET"]}}],"collection":[{"href":"https:\/\/classysassybutik.pl\/en\/wp-json\/wp\/v2\/product"}],"about":[{"href":"https:\/\/classysassybutik.pl\/en\/wp-json\/wp\/v2\/types\/product"}],"replies":[{"embeddable":true,"href":"https:\/\/classysassybutik.pl\/en\/wp-json\/wp\/v2\/comments?post=8287"}],"wp:featuredmedia":[{"embeddable":true,"href":"https:\/\/classysassybutik.pl\/en\/wp-json\/wp\/v2\/media\/8288"}],"wp:attachment":[{"href":"https:\/\/classysassybutik.pl\/en\/wp-json\/wp\/v2\/media?parent=8287"}],"wp:term":[{"taxonomy":"product_brand","embeddable":true,"href":"https:\/\/classysassybutik.pl\/en\/wp-json\/wp\/v2\/product_brand?post=8287"},{"taxonomy":"product_cat","embeddable":true,"href":"https:\/\/classysassybutik.pl\/en\/wp-json\/wp\/v2\/product_cat?post=8287"},{"taxonomy":"product_tag","embeddable":true,"href":"https:\/\/classysassybutik.pl\/en\/wp-json\/wp\/v2\/product_tag?post=8287"}],"curies":[{"name":"wp","href":"https:\/\/api.w.org\/{rel}","templated":true}]}}