{"id":8327,"date":"2025-06-02T10:35:04","date_gmt":"2025-06-02T08:35:04","guid":{"rendered":"https:\/\/classysassybutik.pl\/?post_type=product&#038;p=8327"},"modified":"2025-07-13T09:40:26","modified_gmt":"2025-07-13T07:40:26","slug":"komplet-lniany-z-logo-la-milla-zielony","status":"publish","type":"product","link":"https:\/\/classysassybutik.pl\/en\/product\/komplet-lniany-z-logo-la-milla-zielony\/","title":{"rendered":"Linen set with logo La Milla Green"},"content":{"rendered":"<p>Set consisting of a shirt and shorts. Shirt with buttons. Shorts with sewn-in wide elastic waistband.  Very airy, non-transparent material.<\/p>\n<p>Composition: 951TP3Oxygen, 51TP3Viscose<\/p>\n<p>&nbsp;<\/p>\n<p><strong>Dimensions of the shirt<\/strong><\/p>\n<p>Width between armpits 70cm x2<\/p>\n<p>Width at bottom 66cm x2<\/p>\n<p>Sleeve length from neckline 80cm<\/p>\n<p>Sleeve length from armpit 52cm<\/p>\n<p>Length 70 cm<\/p>\n<p>&nbsp;<\/p>\n<p><strong>Dimensions of the shorts<\/strong><\/p>\n<p><strong>Dimensions XS\/S<\/strong><\/p>\n<p>Waist width 34-50cm x2<\/p>\n<p>Hips width 64cm x2<\/p>\n<p>State height 31cm<\/p>\n<p>Length 40cm<\/p>\n<p>&nbsp;<\/p>\n<p><strong>Dimensions M\/L<\/strong><\/p>\n<p>Waist width 36-52cm x2<\/p>\n<p>Hips width 66cm x2<\/p>\n<p>State height 31cm<\/p>\n<p>Length 40cm<\/p>\n<p>The measurements given are the outer measurements of the garment measured flat without stretching.<\/p>","protected":false},"excerpt":{"rendered":"<p>Komplet sk\u0142adaj\u0105cy si\u0119 z koszuli i spodenek. Koszula zapinana na guziki. Spodenki posiadaj\u0105 wszyt\u0105 szerok\u0105 gum\u0119 w pasie.\u00a0 Materia\u0142 bardzo przewiewny, nieprze\u015bwituj\u0105cy. Sk\u0142ad: 95%len, 5%wiskoza &nbsp; Wymiary koszuli Szeroko\u015b\u0107 mi\u0119dzy pachami 70cm x2 Szeroko\u015b\u0107 na dole 66cm x2 D\u0142ugo\u015b\u0107 r\u0119kawa od dekoltu 80cm D\u0142ugo\u015b\u0107 r\u0119kawa od pachy\u00a052cm D\u0142ugo\u015b\u0107 70 cm &nbsp; Wymiary spodenek Wymiary XS\/S [&hellip;]<\/p>","protected":false},"featured_media":8328,"comment_status":"open","ping_status":"closed","template":"","meta":[],"product_brand":[],"product_cat":[21,94],"product_tag":[],"class_list":{"0":"post-8327","1":"product","2":"type-product","3":"status-publish","4":"has-post-thumbnail","6":"product_cat-komplety","7":"product_cat-nowosci","9":"first","10":"instock","11":"sale","12":"shipping-taxable","13":"purchasable","14":"product-type-variable"},"_links":{"self":[{"href":"https:\/\/classysassybutik.pl\/en\/wp-json\/wp\/v2\/product\/8327","targetHints":{"allow":["GET"]}}],"collection":[{"href":"https:\/\/classysassybutik.pl\/en\/wp-json\/wp\/v2\/product"}],"about":[{"href":"https:\/\/classysassybutik.pl\/en\/wp-json\/wp\/v2\/types\/product"}],"replies":[{"embeddable":true,"href":"https:\/\/classysassybutik.pl\/en\/wp-json\/wp\/v2\/comments?post=8327"}],"wp:featuredmedia":[{"embeddable":true,"href":"https:\/\/classysassybutik.pl\/en\/wp-json\/wp\/v2\/media\/8328"}],"wp:attachment":[{"href":"https:\/\/classysassybutik.pl\/en\/wp-json\/wp\/v2\/media?parent=8327"}],"wp:term":[{"taxonomy":"product_brand","embeddable":true,"href":"https:\/\/classysassybutik.pl\/en\/wp-json\/wp\/v2\/product_brand?post=8327"},{"taxonomy":"product_cat","embeddable":true,"href":"https:\/\/classysassybutik.pl\/en\/wp-json\/wp\/v2\/product_cat?post=8327"},{"taxonomy":"product_tag","embeddable":true,"href":"https:\/\/classysassybutik.pl\/en\/wp-json\/wp\/v2\/product_tag?post=8327"}],"curies":[{"name":"wp","href":"https:\/\/api.w.org\/{rel}","templated":true}]}}