{"id":8388,"date":"2025-06-04T21:13:06","date_gmt":"2025-06-04T19:13:06","guid":{"rendered":"https:\/\/classysassybutik.pl\/?post_type=product&#038;p=8388"},"modified":"2025-06-26T12:36:51","modified_gmt":"2025-06-26T10:36:51","slug":"elegancki-kombinezon-maxi-diva-czarny","status":"publish","type":"product","link":"https:\/\/classysassybutik.pl\/en\/product\/elegancki-kombinezon-maxi-diva-czarny\/","title":{"rendered":"Elegant Maxi Diva Suit Black"},"content":{"rendered":"<p>Elegancki kombinezon w\u00a0czarnym odcieniu sprawdzi si\u0119 na liczne okazje.<br \/>\nThe maxi length is a timeless choice loved for its ease of styling.<br \/>\nMade from a pleasant fabric that will present itself beautifully on the silhouette.<br \/>\nAn overlapping neckline enhances the chic character of the model.<br \/>\nThe product features elasticated sewing on the back and a lovely tie at the nape of the neck.<br \/>\nA fabric belt with buckle is included to slenderise the figure.<br \/>\nAn undeniable asset is the wide legs that guarantee a charming look.<\/p>\n<p>Material composition: 87% viscose, 13% polyamide<\/p>\n<p>Imported product<\/p>\n<p>Model: 168 cm tall, universal size shown<\/p>\n<p>Dimensions:<\/p>\n<p>Overall length (from the sewing of the sash): 152 cm<br \/>\nLeg length: 73 cm<br \/>\nSzeroko\u015b\u0107 w biu\u015bcie: 45 cm x2<br \/>\nWaist width: 35 cm x2<br \/>\nWidth at hips: 50 cm x2<\/p>\n<p>Produkt mierzony na p\u0142asko. Wymiary +\/- 2 cm.<\/p>","protected":false},"excerpt":{"rendered":"<p>Elegancki kombinezon w\u00a0czarnym odcieniu sprawdzi si\u0119 na liczne okazje. D\u0142ugo\u015b\u0107 maxi to ponadczasowy wyb\u00f3r uwielbiany za \u0142atwo\u015b\u0107 stylizowania. Wykonany z\u00a0przyjemnej tkaniny, kt\u00f3ra pi\u0119knie zaprezentuje si\u0119 na sylwetce. Przek\u0142adany dekolt w\u00a0postaci zak\u0142adek pot\u0119guje szykowny charakter modelu. Produkt posiada elastyczne szycie na plecach oraz urocze wi\u0105zanie na karku. Do zestawu do\u0142\u0105czono materia\u0142owy pasek z\u00a0klamr\u0105, kt\u00f3ry wysmukli figur\u0119. [&hellip;]<\/p>","protected":false},"featured_media":8389,"comment_status":"open","ping_status":"closed","template":"","meta":[],"product_brand":[],"product_cat":[104,94],"product_tag":[],"class_list":{"0":"post-8388","1":"product","2":"type-product","3":"status-publish","4":"has-post-thumbnail","6":"product_cat-kombinezony","7":"product_cat-nowosci","9":"first","10":"instock","11":"sale","12":"shipping-taxable","13":"purchasable","14":"product-type-simple"},"_links":{"self":[{"href":"https:\/\/classysassybutik.pl\/en\/wp-json\/wp\/v2\/product\/8388","targetHints":{"allow":["GET"]}}],"collection":[{"href":"https:\/\/classysassybutik.pl\/en\/wp-json\/wp\/v2\/product"}],"about":[{"href":"https:\/\/classysassybutik.pl\/en\/wp-json\/wp\/v2\/types\/product"}],"replies":[{"embeddable":true,"href":"https:\/\/classysassybutik.pl\/en\/wp-json\/wp\/v2\/comments?post=8388"}],"wp:featuredmedia":[{"embeddable":true,"href":"https:\/\/classysassybutik.pl\/en\/wp-json\/wp\/v2\/media\/8389"}],"wp:attachment":[{"href":"https:\/\/classysassybutik.pl\/en\/wp-json\/wp\/v2\/media?parent=8388"}],"wp:term":[{"taxonomy":"product_brand","embeddable":true,"href":"https:\/\/classysassybutik.pl\/en\/wp-json\/wp\/v2\/product_brand?post=8388"},{"taxonomy":"product_cat","embeddable":true,"href":"https:\/\/classysassybutik.pl\/en\/wp-json\/wp\/v2\/product_cat?post=8388"},{"taxonomy":"product_tag","embeddable":true,"href":"https:\/\/classysassybutik.pl\/en\/wp-json\/wp\/v2\/product_tag?post=8388"}],"curies":[{"name":"wp","href":"https:\/\/api.w.org\/{rel}","templated":true}]}}