{"id":8544,"date":"2025-06-13T14:41:23","date_gmt":"2025-06-13T12:41:23","guid":{"rendered":"https:\/\/classysassybutik.pl\/?post_type=product&#038;p=8544"},"modified":"2025-07-22T12:22:01","modified_gmt":"2025-07-22T10:22:01","slug":"spodnie-szerokie-z-lampasami-la-milla-bezowe","status":"publish","type":"product","link":"https:\/\/classysassybutik.pl\/en\/product\/spodnie-szerokie-z-lampasami-la-milla-bezowe\/","title":{"rendered":"Wide Legged Trousers La Milla Beige"},"content":{"rendered":"<p>Wide beige trousers<b>\u00a0<\/b>with stripes is the essence of urban casualness combined with a touch of elegance.<\/p>\n<p>Made from a soft material with a predominance of viscose, they offer a comfortable fit and a subtle sheen that adds a special touch.<\/p>\n<p>The elastic waistband guarantees a perfect fit and everyday comfort, while the contrasting piping optically elongates the silhouette.<\/p>\n<p>&nbsp;<\/p>\n<ul>\n<li>External leg length - 113 cm<\/li>\n<li>\u00a0Inner leg length - 84 cm<\/li>\n<li>\u00a0waist width (min\/max) - 31\/45 cm x 2<\/li>\n<li>hip width - 60 cm x 2<\/li>\n<li>\u00a0leg width - 36 cm<\/li>\n<\/ul>\n<p>&nbsp;<\/p>\n<p>&nbsp;<\/p>\n<p><strong>Composition:<\/strong><\/p>\n<ul>\n<li>95% viscose<\/li>\n<li>5% elastane<\/li>\n<\/ul>","protected":false},"excerpt":{"rendered":"<p>Szerokie be\u017cowe spodnie\u00a0z lampasami to kwintesencja miejskiego luzu po\u0142\u0105czonego z nut\u0105 elegancji. Wykonane z delikatnego materia\u0142u z przewag\u0105\u00a0 wiskozy zapewniaj\u0105 komfort noszenia i subtelny po\u0142ysk, kt\u00f3ry dodaje im wyj\u0105tkowego charakteru. Gumka w pasie gwarantuje idealne dopasowanie i wygod\u0119 na co dzie\u0144, a kontrastowe lampasy optycznie wyd\u0142u\u017caj\u0105 sylwetk\u0119. &nbsp; d\u0142ugo\u015b\u0107 zewn\u0119trzna nogawki &#8211; 113 cm \u00a0d\u0142ugo\u015b\u0107 [&hellip;]<\/p>","protected":false},"featured_media":8545,"comment_status":"open","ping_status":"closed","template":"","meta":[],"product_brand":[],"product_cat":[30,33],"product_tag":[],"class_list":{"0":"post-8544","1":"product","2":"type-product","3":"status-publish","4":"has-post-thumbnail","6":"product_cat-spodnie","7":"product_cat-wyprzedaz","9":"first","10":"instock","11":"sale","12":"shipping-taxable","13":"purchasable","14":"product-type-simple"},"_links":{"self":[{"href":"https:\/\/classysassybutik.pl\/en\/wp-json\/wp\/v2\/product\/8544","targetHints":{"allow":["GET"]}}],"collection":[{"href":"https:\/\/classysassybutik.pl\/en\/wp-json\/wp\/v2\/product"}],"about":[{"href":"https:\/\/classysassybutik.pl\/en\/wp-json\/wp\/v2\/types\/product"}],"replies":[{"embeddable":true,"href":"https:\/\/classysassybutik.pl\/en\/wp-json\/wp\/v2\/comments?post=8544"}],"wp:featuredmedia":[{"embeddable":true,"href":"https:\/\/classysassybutik.pl\/en\/wp-json\/wp\/v2\/media\/8545"}],"wp:attachment":[{"href":"https:\/\/classysassybutik.pl\/en\/wp-json\/wp\/v2\/media?parent=8544"}],"wp:term":[{"taxonomy":"product_brand","embeddable":true,"href":"https:\/\/classysassybutik.pl\/en\/wp-json\/wp\/v2\/product_brand?post=8544"},{"taxonomy":"product_cat","embeddable":true,"href":"https:\/\/classysassybutik.pl\/en\/wp-json\/wp\/v2\/product_cat?post=8544"},{"taxonomy":"product_tag","embeddable":true,"href":"https:\/\/classysassybutik.pl\/en\/wp-json\/wp\/v2\/product_tag?post=8544"}],"curies":[{"name":"wp","href":"https:\/\/api.w.org\/{rel}","templated":true}]}}