{"id":8549,"date":"2025-06-13T14:45:46","date_gmt":"2025-06-13T12:45:46","guid":{"rendered":"https:\/\/classysassybutik.pl\/?post_type=product&#038;p=8549"},"modified":"2025-06-24T18:55:41","modified_gmt":"2025-06-24T16:55:41","slug":"spodnico-spodenki-z-logo-la-milla-bezowe","status":"publish","type":"product","link":"https:\/\/classysassybutik.pl\/en\/product\/spodnico-spodenki-z-logo-la-milla-bezowe\/","title":{"rendered":"La Milla Logo Skirt Shorts Beige"},"content":{"rendered":"<p><strong>Sp\u00f3dnico-spodenki to propozycja, kt\u00f3ra zaprezentuje si\u0119 modnie, przy czym b\u0119dzie naprawd\u0119 wygodna i komfortowa. Wykonane zosta\u0142y z wysokiej jako\u015bci wiskozowego materia\u0142u. Wyr\u00f3\u017cniaj\u0105 si\u0119 efektownym, dodatkowym materia\u0142em na przodzie, kt\u00f3ry z pewno\u015bci\u0105 nada charakteru ka\u017cdej stylizacji. To model o kr\u00f3tkim fasonie z zapi\u0119ciem na suwak znajduj\u0105cym si\u0119 na boku.\u00a0<\/strong><\/p>\n<p>&nbsp;<\/p>\n<p><strong>36\/S<\/strong><\/p>\n<p><strong>Overall length - 35 cm<\/strong><\/p>\n<p><strong>D\u0142. nogawki od kroku &#8211; 6 cm<\/strong><\/p>\n<p><strong>Wys. stanu prz\u00f3d &#8211; 34 cm<\/strong><\/p>\n<p><strong>Wys. stanu ty\u0142 &#8211; 36 cm<\/strong><\/p>\n<p><strong>Szer. w pasie &#8211; 34 cm<\/strong><\/p>\n<p><strong>Szer. w biodrach &#8211; 48 cm<\/strong><\/p>\n<p><strong>Szer. w udzie &#8211; 33 cm<\/strong><\/p>\n<p><strong>Szer. nogawki na dole &#8211; 33 cm<\/strong><\/p>\n<p><strong>\u00a0<\/strong><\/p>\n<p><strong>38\/M<\/strong><\/p>\n<p><strong>Overall length - 36 cm<\/strong><\/p>\n<p><strong>D\u0142. nogawki od kroku &#8211; 6 cm<\/strong><\/p>\n<p><strong>Wys. stanu prz\u00f3d &#8211; 34 cm<\/strong><\/p>\n<p><strong>Wys. stanu ty\u0142 &#8211; 36 cm<\/strong><\/p>\n<p><strong>Szer. w pasie &#8211; 35 cm<\/strong><\/p>\n<p><strong>Szer. w biodrach &#8211; 49 cm<\/strong><\/p>\n<p><strong>Szer. w udzie &#8211; 34 cm<\/strong><\/p>\n<p><strong>Szer. nogawki na dole &#8211; 34 cm<\/strong><\/p>","protected":false},"excerpt":{"rendered":"<p>Sp\u00f3dnico-spodenki to propozycja, kt\u00f3ra zaprezentuje si\u0119 modnie, przy czym b\u0119dzie naprawd\u0119 wygodna i komfortowa. Wykonane zosta\u0142y z wysokiej jako\u015bci wiskozowego materia\u0142u. Wyr\u00f3\u017cniaj\u0105 si\u0119 efektownym, dodatkowym materia\u0142em na przodzie, kt\u00f3ry z pewno\u015bci\u0105 nada charakteru ka\u017cdej stylizacji. To model o kr\u00f3tkim fasonie z zapi\u0119ciem na suwak znajduj\u0105cym si\u0119 na boku.\u00a0 &nbsp; 36\/S D\u0142. ca\u0142kowita &#8211; 35 cm [&hellip;]<\/p>","protected":false},"featured_media":8550,"comment_status":"open","ping_status":"closed","template":"","meta":[],"product_brand":[],"product_cat":[94,110,31],"product_tag":[],"class_list":{"0":"post-8549","1":"product","2":"type-product","3":"status-publish","4":"has-post-thumbnail","6":"product_cat-nowosci","7":"product_cat-spodenki","8":"product_cat-spodnice","10":"first","11":"instock","12":"sale","13":"shipping-taxable","14":"purchasable","15":"product-type-variable"},"_links":{"self":[{"href":"https:\/\/classysassybutik.pl\/en\/wp-json\/wp\/v2\/product\/8549","targetHints":{"allow":["GET"]}}],"collection":[{"href":"https:\/\/classysassybutik.pl\/en\/wp-json\/wp\/v2\/product"}],"about":[{"href":"https:\/\/classysassybutik.pl\/en\/wp-json\/wp\/v2\/types\/product"}],"replies":[{"embeddable":true,"href":"https:\/\/classysassybutik.pl\/en\/wp-json\/wp\/v2\/comments?post=8549"}],"wp:featuredmedia":[{"embeddable":true,"href":"https:\/\/classysassybutik.pl\/en\/wp-json\/wp\/v2\/media\/8550"}],"wp:attachment":[{"href":"https:\/\/classysassybutik.pl\/en\/wp-json\/wp\/v2\/media?parent=8549"}],"wp:term":[{"taxonomy":"product_brand","embeddable":true,"href":"https:\/\/classysassybutik.pl\/en\/wp-json\/wp\/v2\/product_brand?post=8549"},{"taxonomy":"product_cat","embeddable":true,"href":"https:\/\/classysassybutik.pl\/en\/wp-json\/wp\/v2\/product_cat?post=8549"},{"taxonomy":"product_tag","embeddable":true,"href":"https:\/\/classysassybutik.pl\/en\/wp-json\/wp\/v2\/product_tag?post=8549"}],"curies":[{"name":"wp","href":"https:\/\/api.w.org\/{rel}","templated":true}]}}