{"id":8578,"date":"2025-06-13T15:11:55","date_gmt":"2025-06-13T13:11:55","guid":{"rendered":"https:\/\/classysassybutik.pl\/?post_type=product&#038;p=8578"},"modified":"2025-07-22T12:18:27","modified_gmt":"2025-07-22T10:18:27","slug":"spodnico-spodenki-z-rozcieciem-kwiaty-bez-la-milla","status":"publish","type":"product","link":"https:\/\/classysassybutik.pl\/en\/product\/spodnico-spodenki-z-rozcieciem-kwiaty-bez-la-milla\/","title":{"rendered":"Skirt-Shorts with Slit Flowers Beige La Milla"},"content":{"rendered":"<p>Shorts made of stretch fabric. They are available in a fabric version in a print or in eco leather.<\/p>\n<p>The shorts zip up at the side.<\/p>\n<p>&nbsp;<\/p>\n<p><strong>Dimensions\u00a0<\/strong><\/p>\n<p><strong>Size Xs\/34\u00a0<\/strong><\/p>\n<p>waist width 30 cm x2<\/p>\n<p>hip width 45 cm x2<\/p>\n<p>Overall length 36 cm<\/p>","protected":false},"excerpt":{"rendered":"<p>Sp\u00f3dniczko spodenki wykonane z elastycznego materia\u0142u. Dost\u0119pne s\u0105 w wersji materia\u0142owej w princie lub w eko sk\u00f3rze. Spodniczki z boku zasuwane s\u0105 na zamek. &nbsp; Wymiary\u00a0 Rozmiar Xs\/34\u00a0 szeroko\u015b\u0107 w pasie 30 cm x2 szeroko\u015b\u0107 w biodrach 45 cm x2 d\u0142ugo\u015b\u0107 ca\u0142kowita 36 cm<\/p>","protected":false},"featured_media":6282,"comment_status":"open","ping_status":"closed","template":"","meta":[],"product_brand":[],"product_cat":[110,31],"product_tag":[],"class_list":{"0":"post-8578","1":"product","2":"type-product","3":"status-publish","4":"has-post-thumbnail","6":"product_cat-spodenki","7":"product_cat-spodnice","9":"first","10":"instock","11":"sale","12":"shipping-taxable","13":"purchasable","14":"product-type-variable"},"_links":{"self":[{"href":"https:\/\/classysassybutik.pl\/en\/wp-json\/wp\/v2\/product\/8578","targetHints":{"allow":["GET"]}}],"collection":[{"href":"https:\/\/classysassybutik.pl\/en\/wp-json\/wp\/v2\/product"}],"about":[{"href":"https:\/\/classysassybutik.pl\/en\/wp-json\/wp\/v2\/types\/product"}],"replies":[{"embeddable":true,"href":"https:\/\/classysassybutik.pl\/en\/wp-json\/wp\/v2\/comments?post=8578"}],"wp:featuredmedia":[{"embeddable":true,"href":"https:\/\/classysassybutik.pl\/en\/wp-json\/wp\/v2\/media\/6282"}],"wp:attachment":[{"href":"https:\/\/classysassybutik.pl\/en\/wp-json\/wp\/v2\/media?parent=8578"}],"wp:term":[{"taxonomy":"product_brand","embeddable":true,"href":"https:\/\/classysassybutik.pl\/en\/wp-json\/wp\/v2\/product_brand?post=8578"},{"taxonomy":"product_cat","embeddable":true,"href":"https:\/\/classysassybutik.pl\/en\/wp-json\/wp\/v2\/product_cat?post=8578"},{"taxonomy":"product_tag","embeddable":true,"href":"https:\/\/classysassybutik.pl\/en\/wp-json\/wp\/v2\/product_tag?post=8578"}],"curies":[{"name":"wp","href":"https:\/\/api.w.org\/{rel}","templated":true}]}}