{"id":8802,"date":"2025-06-29T09:16:35","date_gmt":"2025-06-29T07:16:35","guid":{"rendered":"https:\/\/classysassybutik.pl\/?post_type=product&#038;p=8802"},"modified":"2025-07-13T09:36:17","modified_gmt":"2025-07-13T07:36:17","slug":"sukienka-maxi-centki-la-milla","status":"publish","type":"product","link":"https:\/\/classysassybutik.pl\/en\/product\/sukienka-maxi-centki-la-milla\/","title":{"rendered":"La Milla maxi dress"},"content":{"rendered":"<p style=\"padding-left: 40px;\">Sukienka w pomara\u0144czowo-czarne c\u0119tki to doskona\u0142y wyb\u00f3r na letnie spacery, pla\u017cowe wypady czy romantyczne wieczory. Dodaj do niej delikatne sanda\u0142y i lekk\u0105 bi\u017cuteri\u0119, aby stworzy\u0107 efektown\u0105 letni\u0105 stylizacj\u0119, kt\u00f3ra przyci\u0105gnie wzrok i sprawi, \u017ce poczujesz si\u0119 wyj\u0105tkowo pi\u0119knie i kobieco.<\/p>\n<p>&nbsp;<\/p>\n<p>Composition:<br \/>\n95% polyester, 5% elastane<\/p>\n<p>Wymiary\u00a0XS\/S<br \/>\nbiust 96 cm talia 80 cm biodra 100 cm d\u0142ugo\u015b\u0107 ca\u0142kowita (bez rami\u0105czek) 145 cm<\/p>\n<p>WymiaryM\/L<br \/>\nbiust 98 cm talia 82 cm biodra 102 cm d\u0142ugo\u015b\u0107 ca\u0142kowita (bez rami\u0105czek) 146 cm<\/p>\n<p>&nbsp;<\/p>","protected":false},"excerpt":{"rendered":"<p>Sukienka w pomara\u0144czowo-czarne c\u0119tki to doskona\u0142y wyb\u00f3r na letnie spacery, pla\u017cowe wypady czy romantyczne wieczory. Dodaj do niej delikatne sanda\u0142y i lekk\u0105 bi\u017cuteri\u0119, aby stworzy\u0107 efektown\u0105 letni\u0105 stylizacj\u0119, kt\u00f3ra przyci\u0105gnie wzrok i sprawi, \u017ce poczujesz si\u0119 wyj\u0105tkowo pi\u0119knie i kobieco. &nbsp; Sk\u0142ad: 95% poliester, 5% elastan Wymiary\u00a0XS\/S biust 96 cm talia 80 cm biodra 100 [&hellip;]<\/p>","protected":false},"featured_media":8803,"comment_status":"open","ping_status":"closed","template":"","meta":[],"product_brand":[],"product_cat":[20,33],"product_tag":[],"class_list":{"0":"post-8802","1":"product","2":"type-product","3":"status-publish","4":"has-post-thumbnail","6":"product_cat-sukienki","7":"product_cat-wyprzedaz","9":"first","10":"instock","11":"sale","12":"shipping-taxable","13":"purchasable","14":"product-type-variable"},"_links":{"self":[{"href":"https:\/\/classysassybutik.pl\/en\/wp-json\/wp\/v2\/product\/8802","targetHints":{"allow":["GET"]}}],"collection":[{"href":"https:\/\/classysassybutik.pl\/en\/wp-json\/wp\/v2\/product"}],"about":[{"href":"https:\/\/classysassybutik.pl\/en\/wp-json\/wp\/v2\/types\/product"}],"replies":[{"embeddable":true,"href":"https:\/\/classysassybutik.pl\/en\/wp-json\/wp\/v2\/comments?post=8802"}],"wp:featuredmedia":[{"embeddable":true,"href":"https:\/\/classysassybutik.pl\/en\/wp-json\/wp\/v2\/media\/8803"}],"wp:attachment":[{"href":"https:\/\/classysassybutik.pl\/en\/wp-json\/wp\/v2\/media?parent=8802"}],"wp:term":[{"taxonomy":"product_brand","embeddable":true,"href":"https:\/\/classysassybutik.pl\/en\/wp-json\/wp\/v2\/product_brand?post=8802"},{"taxonomy":"product_cat","embeddable":true,"href":"https:\/\/classysassybutik.pl\/en\/wp-json\/wp\/v2\/product_cat?post=8802"},{"taxonomy":"product_tag","embeddable":true,"href":"https:\/\/classysassybutik.pl\/en\/wp-json\/wp\/v2\/product_tag?post=8802"}],"curies":[{"name":"wp","href":"https:\/\/api.w.org\/{rel}","templated":true}]}}