{"id":8846,"date":"2025-07-02T10:56:55","date_gmt":"2025-07-02T08:56:55","guid":{"rendered":"https:\/\/classysassybutik.pl\/?post_type=product&#038;p=8846"},"modified":"2025-07-02T10:56:56","modified_gmt":"2025-07-02T08:56:56","slug":"komplet-satynowy-top-i-spodnie-fuksja-la-milla","status":"publish","type":"product","link":"https:\/\/classysassybutik.pl\/en\/product\/komplet-satynowy-top-i-spodnie-fuksja-la-milla\/","title":{"rendered":"Komplet Satynowy Top i Spodnie Fuksja La Milla"},"content":{"rendered":"<p style=\"padding-left: 40px;\">Top o kobiecym kroju delikatnie podkre\u015bla sylwetk\u0119, a spodnie z lu\u017an\u0105 nogawk\u0105, wysokie w stanie zapewniaj\u0105 pe\u0142n\u0105 swobod\u0119 ruch\u00f3w. Lekko po\u0142yskuj\u0105cy materia\u0142 dodaje ca\u0142o\u015bci luksusowego charakteru.<\/p>\n<p>&nbsp;<\/p>\n<p>DIMENSIONS:<\/p>\n<p>XS:<\/p>\n<p>Stanik: d\u0142. ca\u0142kowita: 25 cm, biust: 45 cm,<\/p>\n<p>Spodnie: d\u0142. zew.: 113 cm, d\u0142. wew.: 84 cm, pas: 31 cm, biodra: 45 cm,<\/p>\n<p>&nbsp;<\/p>\n<p>S:<\/p>\n<p>Stanik: d\u0142. ca\u0142kowita: 27 cm, biust: 48 cm,<\/p>\n<p>Spodnie: d\u0142. zew.: 114 cm, d\u0142. wew.: 84 cm, pas: 34 cm, biodra: 50 cm,<\/p>\n<p>&nbsp;<\/p>\n<p>M:<\/p>\n<p>Stanik: d\u0142. ca\u0142kowita: 27 cm, biust: 50 cm,<\/p>\n<p>Spodnie: d\u0142. zew.: 114 cm, d\u0142. wew.: 84 cm, pas: 35 cm, biodra: 53 cm,<\/p>\n<p>&nbsp;<\/p>\n<p>L:<\/p>\n<p>Stanik: d\u0142. ca\u0142kowita: 27 cm, biust: 55 cm,<\/p>\n<p>Spodnie: d\u0142. zew.: 115 cm, d\u0142. wew.: 85 cm, pas: 36 cm, biodra: 57 cm,<\/p>\n<p>&nbsp;<\/p>\n<p>COMPOSITION:<\/p>\n<p>95% viscose<\/p>\n<p>5% elastane<\/p>\n<p>POLISH PRODUCT<\/p>\n<p>Clothing measured flat. Possible difference in measurements +\/- 2cm.<\/p>","protected":false},"excerpt":{"rendered":"<p>Top o kobiecym kroju delikatnie podkre\u015bla sylwetk\u0119, a spodnie z lu\u017an\u0105 nogawk\u0105, wysokie w stanie zapewniaj\u0105 pe\u0142n\u0105 swobod\u0119 ruch\u00f3w. Lekko po\u0142yskuj\u0105cy materia\u0142 dodaje ca\u0142o\u015bci luksusowego charakteru. &nbsp; WYMIARY: XS: Stanik: d\u0142. ca\u0142kowita: 25 cm, biust: 45 cm, Spodnie: d\u0142. zew.: 113 cm, d\u0142. wew.: 84 cm, pas: 31 cm, biodra: 45 cm, &nbsp; S: Stanik: [&hellip;]<\/p>","protected":false},"featured_media":8847,"comment_status":"open","ping_status":"closed","template":"","meta":[],"product_brand":[],"product_cat":[21,94],"product_tag":[],"class_list":{"0":"post-8846","1":"product","2":"type-product","3":"status-publish","4":"has-post-thumbnail","6":"product_cat-komplety","7":"product_cat-nowosci","9":"first","10":"instock","11":"shipping-taxable","12":"purchasable","13":"product-type-variable"},"_links":{"self":[{"href":"https:\/\/classysassybutik.pl\/en\/wp-json\/wp\/v2\/product\/8846","targetHints":{"allow":["GET"]}}],"collection":[{"href":"https:\/\/classysassybutik.pl\/en\/wp-json\/wp\/v2\/product"}],"about":[{"href":"https:\/\/classysassybutik.pl\/en\/wp-json\/wp\/v2\/types\/product"}],"replies":[{"embeddable":true,"href":"https:\/\/classysassybutik.pl\/en\/wp-json\/wp\/v2\/comments?post=8846"}],"wp:featuredmedia":[{"embeddable":true,"href":"https:\/\/classysassybutik.pl\/en\/wp-json\/wp\/v2\/media\/8847"}],"wp:attachment":[{"href":"https:\/\/classysassybutik.pl\/en\/wp-json\/wp\/v2\/media?parent=8846"}],"wp:term":[{"taxonomy":"product_brand","embeddable":true,"href":"https:\/\/classysassybutik.pl\/en\/wp-json\/wp\/v2\/product_brand?post=8846"},{"taxonomy":"product_cat","embeddable":true,"href":"https:\/\/classysassybutik.pl\/en\/wp-json\/wp\/v2\/product_cat?post=8846"},{"taxonomy":"product_tag","embeddable":true,"href":"https:\/\/classysassybutik.pl\/en\/wp-json\/wp\/v2\/product_tag?post=8846"}],"curies":[{"name":"wp","href":"https:\/\/api.w.org\/{rel}","templated":true}]}}