{"id":8961,"date":"2025-07-11T19:29:48","date_gmt":"2025-07-11T17:29:48","guid":{"rendered":"https:\/\/classysassybutik.pl\/?post_type=product&#038;p=8961"},"modified":"2025-09-25T09:56:28","modified_gmt":"2025-09-25T07:56:28","slug":"koszula-jesnsowa-niebieska-la-milla","status":"publish","type":"product","link":"https:\/\/classysassybutik.pl\/en\/product\/koszula-jesnsowa-niebieska-la-milla\/","title":{"rendered":"Koszula Jesnsowa Niebieska La Milla"},"content":{"rendered":"<p>Koszula katana jeansowa polskiej firmy modowej La Milla. Uszyta z materia\u0142u denim. Zapinana na guziki. Fason d\u0142u\u017cszy, idealna do kr\u00f3tkich szort\u00f3w, kt\u00f3re te\u017c znajdziesz u nas w butiku.<\/p>\n<p>Czas realizacji do 10 dni<\/p>\n<p>SK\u0141AD: 100% bawe\u0142na<\/p>\n<p>Size: one size<\/p>\n<p>Dimensions:<\/p>\n<p>Szeroko\u015b\u0107: 2\u00d765 cm, d\u0142ugo\u015b\u0107: 75 cm<\/p>","protected":false},"excerpt":{"rendered":"<p>Koszula katana jeansowa polskiej firmy modowej La Milla. Uszyta z materia\u0142u denim. Zapinana na guziki. Fason d\u0142u\u017cszy, idealna do kr\u00f3tkich szort\u00f3w, kt\u00f3re te\u017c znajdziesz u nas w butiku. Czas realizacji do 10 dni SK\u0141AD: 100% bawe\u0142na Rozmiar: one size Wymiary: Szeroko\u015b\u0107: 2\u00d765 cm, d\u0142ugo\u015b\u0107: 75 cm<\/p>","protected":false},"featured_media":8962,"comment_status":"open","ping_status":"closed","template":"","meta":[],"product_brand":[],"product_cat":[94,114,29,32],"product_tag":[],"class_list":{"0":"post-8961","1":"product","2":"type-product","3":"status-publish","4":"has-post-thumbnail","6":"product_cat-nowosci","7":"product_cat-koszula","8":"product_cat-marynarki","9":"product_cat-okrycia-wierzchnie","11":"first","12":"instock","13":"shipping-taxable","14":"purchasable","15":"product-type-simple"},"_links":{"self":[{"href":"https:\/\/classysassybutik.pl\/en\/wp-json\/wp\/v2\/product\/8961","targetHints":{"allow":["GET"]}}],"collection":[{"href":"https:\/\/classysassybutik.pl\/en\/wp-json\/wp\/v2\/product"}],"about":[{"href":"https:\/\/classysassybutik.pl\/en\/wp-json\/wp\/v2\/types\/product"}],"replies":[{"embeddable":true,"href":"https:\/\/classysassybutik.pl\/en\/wp-json\/wp\/v2\/comments?post=8961"}],"wp:featuredmedia":[{"embeddable":true,"href":"https:\/\/classysassybutik.pl\/en\/wp-json\/wp\/v2\/media\/8962"}],"wp:attachment":[{"href":"https:\/\/classysassybutik.pl\/en\/wp-json\/wp\/v2\/media?parent=8961"}],"wp:term":[{"taxonomy":"product_brand","embeddable":true,"href":"https:\/\/classysassybutik.pl\/en\/wp-json\/wp\/v2\/product_brand?post=8961"},{"taxonomy":"product_cat","embeddable":true,"href":"https:\/\/classysassybutik.pl\/en\/wp-json\/wp\/v2\/product_cat?post=8961"},{"taxonomy":"product_tag","embeddable":true,"href":"https:\/\/classysassybutik.pl\/en\/wp-json\/wp\/v2\/product_tag?post=8961"}],"curies":[{"name":"wp","href":"https:\/\/api.w.org\/{rel}","templated":true}]}}