{"id":9002,"date":"2025-07-13T15:05:59","date_gmt":"2025-07-13T13:05:59","guid":{"rendered":"https:\/\/classysassybutik.pl\/?post_type=product&#038;p=9002"},"modified":"2025-07-22T12:15:54","modified_gmt":"2025-07-22T10:15:54","slug":"spodnico-spodenki-kwiaty-rozowe-la-milla-2","status":"publish","type":"product","link":"https:\/\/classysassybutik.pl\/en\/product\/spodnico-spodenki-kwiaty-rozowe-la-milla-2\/","title":{"rendered":"La Milla Pink Flower Skirt and Shorts"},"content":{"rendered":"<p>Sp\u00f3dnico-spodenki z wy\u017cszym stanem to doskona\u0142y wyb\u00f3r dla ka\u017cdej sylwetki! D\u0142ugo\u015b\u0107 mini i efektowne rozci\u0119cie pi\u0119knie podkre\u015blaj\u0105 nogi.<\/p>\n<p>Spodenki zapinane na kryty zamek b\u0142yskawiczny.<\/p>\n<p><strong>Composition:<\/strong>\u00a050% poliester, 40% wiskoza, 10% elastan<\/p>\n<p><strong>S dimensions:<\/strong><\/p>\n<ul>\n<li>Overall length: 36 cm<\/li>\n<li>Leg length: 6 cm<\/li>\n<li>State height: 30 cm<\/li>\n<li>Waist circumference: 66 cm<\/li>\n<li>Hip circumference: 104 cm<\/li>\n<\/ul>\n<p><strong>Dimensions M:<\/strong><\/p>\n<ul>\n<li>Overall length: 37 cm<\/li>\n<li>Leg length: 6 cm<\/li>\n<li>State height: 30 cm<\/li>\n<li>Waist circumference: 70 cm<\/li>\n<li>Hip circumference: 108 cm<\/li>\n<\/ul>\n<p><strong>L dimensions:<\/strong><\/p>\n<ul>\n<li>Overall length: 37 cm<\/li>\n<li>Leg length: 6 cm<\/li>\n<li>State height: 31 cm<\/li>\n<li>Waist circumference: 74 cm<\/li>\n<li>Hip circumference: 112 cm<\/li>\n<\/ul>\n<p><strong>Spodenki mierzone na p\u0142asko. Poszczeg\u00f3lne wymiary mog\u0105 r\u00f3\u017cni\u0107 si\u0119 +\/- 2 cm.<\/strong><\/p>\n<p>Polish product.<\/p>","protected":false},"excerpt":{"rendered":"<p>Sp\u00f3dnico-spodenki z wy\u017cszym stanem to doskona\u0142y wyb\u00f3r dla ka\u017cdej sylwetki! D\u0142ugo\u015b\u0107 mini i efektowne rozci\u0119cie pi\u0119knie podkre\u015blaj\u0105 nogi. Spodenki zapinane na kryty zamek b\u0142yskawiczny. Sk\u0142ad:\u00a050% poliester, 40% wiskoza, 10% elastan Wymiary S: D\u0142ugo\u015b\u0107 ca\u0142kowita: 36 cm D\u0142ugo\u015b\u0107 nogawki: 6 cm Wysoko\u015b\u0107 stanu: 30 cm Obw\u00f3d w pasie: 66 cm Obw\u00f3d w biodrach: 104 cm Wymiary [&hellip;]<\/p>","protected":false},"featured_media":9006,"comment_status":"open","ping_status":"closed","template":"","meta":[],"product_brand":[],"product_cat":[31,110],"product_tag":[],"class_list":{"0":"post-9002","1":"product","2":"type-product","3":"status-publish","4":"has-post-thumbnail","6":"product_cat-spodnice","7":"product_cat-spodenki","9":"first","10":"instock","11":"shipping-taxable","12":"purchasable","13":"product-type-variable"},"_links":{"self":[{"href":"https:\/\/classysassybutik.pl\/en\/wp-json\/wp\/v2\/product\/9002","targetHints":{"allow":["GET"]}}],"collection":[{"href":"https:\/\/classysassybutik.pl\/en\/wp-json\/wp\/v2\/product"}],"about":[{"href":"https:\/\/classysassybutik.pl\/en\/wp-json\/wp\/v2\/types\/product"}],"replies":[{"embeddable":true,"href":"https:\/\/classysassybutik.pl\/en\/wp-json\/wp\/v2\/comments?post=9002"}],"wp:featuredmedia":[{"embeddable":true,"href":"https:\/\/classysassybutik.pl\/en\/wp-json\/wp\/v2\/media\/9006"}],"wp:attachment":[{"href":"https:\/\/classysassybutik.pl\/en\/wp-json\/wp\/v2\/media?parent=9002"}],"wp:term":[{"taxonomy":"product_brand","embeddable":true,"href":"https:\/\/classysassybutik.pl\/en\/wp-json\/wp\/v2\/product_brand?post=9002"},{"taxonomy":"product_cat","embeddable":true,"href":"https:\/\/classysassybutik.pl\/en\/wp-json\/wp\/v2\/product_cat?post=9002"},{"taxonomy":"product_tag","embeddable":true,"href":"https:\/\/classysassybutik.pl\/en\/wp-json\/wp\/v2\/product_tag?post=9002"}],"curies":[{"name":"wp","href":"https:\/\/api.w.org\/{rel}","templated":true}]}}