{"id":9035,"date":"2025-07-20T11:28:51","date_gmt":"2025-07-20T09:28:51","guid":{"rendered":"https:\/\/classysassybutik.pl\/?post_type=product&#038;p=9035"},"modified":"2025-09-13T08:20:16","modified_gmt":"2025-09-13T06:20:16","slug":"perfumy-lattafa-asad","status":"publish","type":"product","link":"https:\/\/classysassybutik.pl\/en\/product\/perfumy-lattafa-asad\/","title":{"rendered":"Perfumy Lattafa Asad"},"content":{"rendered":"<p>Lattafa Asad 100ml woda perfumowana<\/p>\n<p>&nbsp;<\/p>\n<p>Ten zapach to wyrazista i wielowymiarowa kompozycja, kt\u00f3ra \u0142\u0105czy \u015bwie\u017co\u015b\u0107, g\u0142\u0119bi\u0119 oraz zmys\u0142ow\u0105 s\u0142odycz. Otwiera si\u0119 nietypowym po\u0142\u0105czeniem czarnego pieprzu, soczystego ananasa i tytoniu, daj\u0105c efekt intensywny, ale nieprzyt\u0142aczaj\u0105cy \u2013 intryguj\u0105cy i pe\u0142en kontrast\u00f3w. Nuty g\u0142owy s\u0105 jednocze\u015bnie pikantne, owocowe i dymne, co przyci\u0105ga uwag\u0119 ju\u017c od pierwszego kontaktu.<\/p>\n<p>&nbsp;<\/p>\n<p>W sercu zapachu dominuje aromatyczna kawa, zmys\u0142owy irys i g\u0142\u0119boka paczula \u2013 trio, kt\u00f3re wprowadza aksamitn\u0105, kremow\u0105 jako\u015b\u0107 z lekko ziemistym podtonem. Te akordy nadaj\u0105 zapachowi szlachetno\u015bci i g\u0142\u0119bi, rozwijaj\u0105c si\u0119 na sk\u00f3rze z czasem i przechodz\u0105c stopniowo w bogat\u0105, otulaj\u0105c\u0105 baz\u0119.<\/p>\n<p>&nbsp;<\/p>\n<p style=\"text-align: center;\">Nuty bazy \u2013 bursztyn, wanilia, suche drewno, benzoina i labdanum \u2013 tworz\u0105 ciep\u0142e, balsamiczne zako\u0144czenie, kt\u00f3re utrzymuje si\u0119 d\u0142ugo i nadaje perfumom elegancki, nieco orientalny charakter. To zapach dla os\u00f3b, kt\u00f3re lubi\u0105 oryginalne, intensywne kompozycje o wyra\u017anym rozwoju. Doskonale sprawdzi si\u0119 jesieni\u0105 i zim\u0105, wieczorami lub na specjalne okazje, podkre\u015blaj\u0105c indywidualno\u015b\u0107 i charyzm\u0119.<\/p>","protected":false},"excerpt":{"rendered":"<p>Lattafa Asad 100ml woda perfumowana &nbsp; Ten zapach to wyrazista i wielowymiarowa kompozycja, kt\u00f3ra \u0142\u0105czy \u015bwie\u017co\u015b\u0107, g\u0142\u0119bi\u0119 oraz zmys\u0142ow\u0105 s\u0142odycz. Otwiera si\u0119 nietypowym po\u0142\u0105czeniem czarnego pieprzu, soczystego ananasa i tytoniu, daj\u0105c efekt intensywny, ale nieprzyt\u0142aczaj\u0105cy \u2013 intryguj\u0105cy i pe\u0142en kontrast\u00f3w. Nuty g\u0142owy s\u0105 jednocze\u015bnie pikantne, owocowe i dymne, co przyci\u0105ga uwag\u0119 ju\u017c od pierwszego kontaktu. [&hellip;]<\/p>","protected":false},"featured_media":9036,"comment_status":"open","ping_status":"closed","template":"","meta":[],"product_brand":[],"product_cat":[125],"product_tag":[],"class_list":{"0":"post-9035","1":"product","2":"type-product","3":"status-publish","4":"has-post-thumbnail","6":"product_cat-perfumy","8":"first","9":"instock","10":"sale","11":"shipping-taxable","12":"purchasable","13":"product-type-simple"},"_links":{"self":[{"href":"https:\/\/classysassybutik.pl\/en\/wp-json\/wp\/v2\/product\/9035","targetHints":{"allow":["GET"]}}],"collection":[{"href":"https:\/\/classysassybutik.pl\/en\/wp-json\/wp\/v2\/product"}],"about":[{"href":"https:\/\/classysassybutik.pl\/en\/wp-json\/wp\/v2\/types\/product"}],"replies":[{"embeddable":true,"href":"https:\/\/classysassybutik.pl\/en\/wp-json\/wp\/v2\/comments?post=9035"}],"wp:featuredmedia":[{"embeddable":true,"href":"https:\/\/classysassybutik.pl\/en\/wp-json\/wp\/v2\/media\/9036"}],"wp:attachment":[{"href":"https:\/\/classysassybutik.pl\/en\/wp-json\/wp\/v2\/media?parent=9035"}],"wp:term":[{"taxonomy":"product_brand","embeddable":true,"href":"https:\/\/classysassybutik.pl\/en\/wp-json\/wp\/v2\/product_brand?post=9035"},{"taxonomy":"product_cat","embeddable":true,"href":"https:\/\/classysassybutik.pl\/en\/wp-json\/wp\/v2\/product_cat?post=9035"},{"taxonomy":"product_tag","embeddable":true,"href":"https:\/\/classysassybutik.pl\/en\/wp-json\/wp\/v2\/product_tag?post=9035"}],"curies":[{"name":"wp","href":"https:\/\/api.w.org\/{rel}","templated":true}]}}