{"id":9124,"date":"2025-07-23T08:45:57","date_gmt":"2025-07-23T06:45:57","guid":{"rendered":"https:\/\/classysassybutik.pl\/?post_type=product&#038;p=9124"},"modified":"2025-10-07T18:00:37","modified_gmt":"2025-10-07T16:00:37","slug":"kurtka-z-eco-skory-z-wiazaniem-w-pasie-czekoladowa","status":"publish","type":"product","link":"https:\/\/classysassybutik.pl\/en\/product\/kurtka-z-eco-skory-z-wiazaniem-w-pasie-czekoladowa\/","title":{"rendered":"Kurtka z Eco Sk\u00f3ry z Wi\u0105zaniem w Pasie Czekoladowa"},"content":{"rendered":"<blockquote><p>&nbsp;<\/p>\n<p>Stylowa, wygodna i z charakterem \u2013 taka w\u0142a\u015bnie jest nasza kurtka z mi\u0119kkiej ekosk\u00f3ry od polskiej marki Mia Maison.<\/p>\n<p>&nbsp;<\/p>\n<p>Kurtka wykonana z najwy\u017cszej jako\u015bci mi\u0119kkiej eko sk\u00f3ry, rozmiar uniwersalny na XS S M L<\/p>\n<p>&nbsp;<\/p><\/blockquote>\n<p>Dimensions<\/p>\n<blockquote><p>Szeroko\u015b\u0107 w biu\u015bcie d0 110 cm<\/p>\n<p>Overall length 48 cm<\/p>\n<p>D\u0142ugo\u015b\u0107 r\u0119kawa od ramienia 63 cm<\/p><\/blockquote>","protected":false},"excerpt":{"rendered":"<p>&nbsp; Stylowa, wygodna i z charakterem \u2013 taka w\u0142a\u015bnie jest nasza kurtka z mi\u0119kkiej ekosk\u00f3ry od polskiej marki Mia Maison. &nbsp; Kurtka wykonana z najwy\u017cszej jako\u015bci mi\u0119kkiej eko sk\u00f3ry, rozmiar uniwersalny na XS S M L &nbsp; Wymiary Szeroko\u015b\u0107 w biu\u015bcie d0 110 cm D\u0142ugo\u015b\u0107 ca\u0142kowita 48 cm D\u0142ugo\u015b\u0107 r\u0119kawa od ramienia 63 cm<\/p>","protected":false},"featured_media":9125,"comment_status":"open","ping_status":"closed","template":"","meta":[],"product_brand":[],"product_cat":[32,33],"product_tag":[],"class_list":{"0":"post-9124","1":"product","2":"type-product","3":"status-publish","4":"has-post-thumbnail","6":"product_cat-okrycia-wierzchnie","7":"product_cat-wyprzedaz","9":"first","10":"instock","11":"sale","12":"shipping-taxable","13":"purchasable","14":"product-type-simple"},"_links":{"self":[{"href":"https:\/\/classysassybutik.pl\/en\/wp-json\/wp\/v2\/product\/9124","targetHints":{"allow":["GET"]}}],"collection":[{"href":"https:\/\/classysassybutik.pl\/en\/wp-json\/wp\/v2\/product"}],"about":[{"href":"https:\/\/classysassybutik.pl\/en\/wp-json\/wp\/v2\/types\/product"}],"replies":[{"embeddable":true,"href":"https:\/\/classysassybutik.pl\/en\/wp-json\/wp\/v2\/comments?post=9124"}],"wp:featuredmedia":[{"embeddable":true,"href":"https:\/\/classysassybutik.pl\/en\/wp-json\/wp\/v2\/media\/9125"}],"wp:attachment":[{"href":"https:\/\/classysassybutik.pl\/en\/wp-json\/wp\/v2\/media?parent=9124"}],"wp:term":[{"taxonomy":"product_brand","embeddable":true,"href":"https:\/\/classysassybutik.pl\/en\/wp-json\/wp\/v2\/product_brand?post=9124"},{"taxonomy":"product_cat","embeddable":true,"href":"https:\/\/classysassybutik.pl\/en\/wp-json\/wp\/v2\/product_cat?post=9124"},{"taxonomy":"product_tag","embeddable":true,"href":"https:\/\/classysassybutik.pl\/en\/wp-json\/wp\/v2\/product_tag?post=9124"}],"curies":[{"name":"wp","href":"https:\/\/api.w.org\/{rel}","templated":true}]}}