{"id":9255,"date":"2025-07-31T16:46:51","date_gmt":"2025-07-31T14:46:51","guid":{"rendered":"https:\/\/classysassybutik.pl\/?post_type=product&#038;p=9255"},"modified":"2025-07-31T16:46:52","modified_gmt":"2025-07-31T14:46:52","slug":"marynarka-z-wiazaniem-w-pasie-czarna","status":"publish","type":"product","link":"https:\/\/classysassybutik.pl\/en\/product\/marynarka-z-wiazaniem-w-pasie-czarna\/","title":{"rendered":"Marynarka z Wi\u0105zaniem w Pasie Czarna"},"content":{"rendered":"<p><b>Composition:<\/b>\u00a060% poliester, 35% wiskoza, 5% spandex<\/p>\n<p>Wykonanie z dba\u0142o\u015bci\u0105 o detale, z bawe\u0142nianej tkaniny. Zapi\u0119cie regulowane na guziki. \u015aci\u0105gacz w pasie z troczkami. Marynarka posiada podszewk\u0119 oraz poduszki na ramionach.<\/p>\n<p><b>Dimensions:<\/b><\/p>\n<p>D\u0142ugo\u015b\u0107 ca\u0142kowita: 77 cm<br \/>\nBust circumference: 110 cm<br \/>\nObw\u00f3d w pasie: do 106 cm<br \/>\nD\u0142ugo\u015b\u0107 r\u0119kawa od pachy: 41 cm<\/p>\n<p style=\"text-align: left;\"><b>Ubrania mierzone na p\u0142asko! Poszczeg\u00f3lne wym<\/b><\/p>","protected":false},"excerpt":{"rendered":"<p>Sk\u0142ad:\u00a060% poliester, 35% wiskoza, 5% spandex Wykonanie z dba\u0142o\u015bci\u0105 o detale, z bawe\u0142nianej tkaniny. Zapi\u0119cie regulowane na guziki. \u015aci\u0105gacz w pasie z troczkami. Marynarka posiada podszewk\u0119 oraz poduszki na ramionach. Wymiary: D\u0142ugo\u015b\u0107 ca\u0142kowita: 77 cm Obw\u00f3d w biu\u015bcie: 110 cm Obw\u00f3d w pasie: do 106 cm D\u0142ugo\u015b\u0107 r\u0119kawa od pachy: 41 cm Ubrania mierzone na [&hellip;]<\/p>","protected":false},"featured_media":9256,"comment_status":"open","ping_status":"closed","template":"","meta":[],"product_brand":[],"product_cat":[29,94,32],"product_tag":[],"class_list":{"0":"post-9255","1":"product","2":"type-product","3":"status-publish","4":"has-post-thumbnail","6":"product_cat-marynarki","7":"product_cat-nowosci","8":"product_cat-okrycia-wierzchnie","10":"first","11":"instock","12":"shipping-taxable","13":"purchasable","14":"product-type-simple"},"_links":{"self":[{"href":"https:\/\/classysassybutik.pl\/en\/wp-json\/wp\/v2\/product\/9255","targetHints":{"allow":["GET"]}}],"collection":[{"href":"https:\/\/classysassybutik.pl\/en\/wp-json\/wp\/v2\/product"}],"about":[{"href":"https:\/\/classysassybutik.pl\/en\/wp-json\/wp\/v2\/types\/product"}],"replies":[{"embeddable":true,"href":"https:\/\/classysassybutik.pl\/en\/wp-json\/wp\/v2\/comments?post=9255"}],"wp:featuredmedia":[{"embeddable":true,"href":"https:\/\/classysassybutik.pl\/en\/wp-json\/wp\/v2\/media\/9256"}],"wp:attachment":[{"href":"https:\/\/classysassybutik.pl\/en\/wp-json\/wp\/v2\/media?parent=9255"}],"wp:term":[{"taxonomy":"product_brand","embeddable":true,"href":"https:\/\/classysassybutik.pl\/en\/wp-json\/wp\/v2\/product_brand?post=9255"},{"taxonomy":"product_cat","embeddable":true,"href":"https:\/\/classysassybutik.pl\/en\/wp-json\/wp\/v2\/product_cat?post=9255"},{"taxonomy":"product_tag","embeddable":true,"href":"https:\/\/classysassybutik.pl\/en\/wp-json\/wp\/v2\/product_tag?post=9255"}],"curies":[{"name":"wp","href":"https:\/\/api.w.org\/{rel}","templated":true}]}}