{"id":9294,"date":"2025-08-01T11:42:12","date_gmt":"2025-08-01T09:42:12","guid":{"rendered":"https:\/\/classysassybutik.pl\/?post_type=product&#038;p=9294"},"modified":"2026-01-08T14:46:04","modified_gmt":"2026-01-08T13:46:04","slug":"bluzka-dekolt-v-z-poduszkami-czekoladowa","status":"publish","type":"product","link":"https:\/\/classysassybutik.pl\/en\/product\/bluzka-dekolt-v-z-poduszkami-czekoladowa\/","title":{"rendered":"Bluzka Dekolt V z Poduszkami Czekoladowa"},"content":{"rendered":"<p>D\u0142ugo\u015b\u0107 ca\u0142kowita &#8211; 55 cm<\/p>\n<p>Szeroko\u015b\u0107 ramion &#8211; 45 cm x 2<\/p>\n<p>Szeroko\u015b\u0107 pod pachami &#8211; 35 cm x 2<\/p>\n<p>Szeroko\u015b\u0107 w pasie &#8211; 30 cm x 2<\/p>\n<p>Szeroko\u015b\u0107 do\u0142u &#8211; 39 cm x 2<\/p>\n<p>D\u0142ugo\u015b\u0107 r\u0119kawa &#8211; 58 cm<\/p>\n<p>Material composition:<\/p>\n<p>100% wiskoza<\/p>","protected":false},"excerpt":{"rendered":"<p>D\u0142ugo\u015b\u0107 ca\u0142kowita &#8211; 55 cm Szeroko\u015b\u0107 ramion &#8211; 45 cm x 2 Szeroko\u015b\u0107 pod pachami &#8211; 35 cm x 2 Szeroko\u015b\u0107 w pasie &#8211; 30 cm x 2 Szeroko\u015b\u0107 do\u0142u &#8211; 39 cm x 2 D\u0142ugo\u015b\u0107 r\u0119kawa &#8211; 58 cm Sk\u0142ad materia\u0142u: 100% wiskoza<\/p>","protected":false},"featured_media":9295,"comment_status":"open","ping_status":"closed","template":"","meta":[],"product_brand":[],"product_cat":[28,94],"product_tag":[],"class_list":{"0":"post-9294","1":"product","2":"type-product","3":"status-publish","4":"has-post-thumbnail","6":"product_cat-bluzki","7":"product_cat-nowosci","9":"first","10":"instock","11":"sale","12":"shipping-taxable","13":"purchasable","14":"product-type-simple"},"_links":{"self":[{"href":"https:\/\/classysassybutik.pl\/en\/wp-json\/wp\/v2\/product\/9294","targetHints":{"allow":["GET"]}}],"collection":[{"href":"https:\/\/classysassybutik.pl\/en\/wp-json\/wp\/v2\/product"}],"about":[{"href":"https:\/\/classysassybutik.pl\/en\/wp-json\/wp\/v2\/types\/product"}],"replies":[{"embeddable":true,"href":"https:\/\/classysassybutik.pl\/en\/wp-json\/wp\/v2\/comments?post=9294"}],"wp:featuredmedia":[{"embeddable":true,"href":"https:\/\/classysassybutik.pl\/en\/wp-json\/wp\/v2\/media\/9295"}],"wp:attachment":[{"href":"https:\/\/classysassybutik.pl\/en\/wp-json\/wp\/v2\/media?parent=9294"}],"wp:term":[{"taxonomy":"product_brand","embeddable":true,"href":"https:\/\/classysassybutik.pl\/en\/wp-json\/wp\/v2\/product_brand?post=9294"},{"taxonomy":"product_cat","embeddable":true,"href":"https:\/\/classysassybutik.pl\/en\/wp-json\/wp\/v2\/product_cat?post=9294"},{"taxonomy":"product_tag","embeddable":true,"href":"https:\/\/classysassybutik.pl\/en\/wp-json\/wp\/v2\/product_tag?post=9294"}],"curies":[{"name":"wp","href":"https:\/\/api.w.org\/{rel}","templated":true}]}}