{"id":9317,"date":"2025-08-01T12:07:11","date_gmt":"2025-08-01T10:07:11","guid":{"rendered":"https:\/\/classysassybutik.pl\/?post_type=product&#038;p=9317"},"modified":"2026-02-02T19:26:52","modified_gmt":"2026-02-02T18:26:52","slug":"bluzka-z-roza-na-rekawie-czarna","status":"publish","type":"product","link":"https:\/\/classysassybutik.pl\/en\/product\/bluzka-z-roza-na-rekawie-czarna\/","title":{"rendered":"Bluzka z R\u00f3\u017c\u0105 na R\u0119kawie Czarna"},"content":{"rendered":"<p>Elegancka i stylowa bluzka z okr\u0105g\u0142ym dekoltem to po\u0142\u0105czenie klasyki i nowoczesnych detali. D\u0142ugi r\u0119kaw zako\u0144czony zosta\u0142 efektown\u0105, przyszyt\u0105 r\u00f3\u017c\u0105, kt\u00f3ra dodaje ekstrawaganckiego akcentu. Dodatkowo, wyci\u0119cie na kciuk nadaje ca\u0142o\u015bci modnego, nieco sportowego charakteru. Boki s\u0105 delikatnie marszczone, co podkre\u015bla tali\u0119 i nadaje sylwetce kobiecego kszta\u0142tu. Idealna zar\u00f3wno do codziennych, jak i bardziej eleganckich stylizacji.<\/p>\n<p>&nbsp;<\/p>\n<p>Dimensions:<\/p>\n<p>&nbsp;<\/p>\n<p>S\/M<\/p>\n<p>d\u0142ugo\u015b\u0107 ca\u0142kowita &#8211; 47 cm<\/p>\n<p>szeroko\u015b\u0107 pod pachami &#8211; 35 &#8211; 47cm x2<\/p>\n<p>szeroko\u015b\u0107 na dole &#8211; 36 &#8211; 48 cm x2<\/p>\n<p>d\u0142ugo\u015b\u0107 r\u0119kawa wew.\/zew. &#8211; 66\/54 cm<\/p>\n<p>&nbsp;<\/p>\n<p>M\/L<\/p>\n<p>d\u0142ugo\u015b\u0107 ca\u0142kowita &#8211; 49 cm<\/p>\n<p>szeroko\u015b\u0107 pod pachami &#8211; 38 &#8211; 50 cm x2<\/p>\n<p>szeroko\u015b\u0107 na dole &#8211; 39 &#8211; 51 cm x2<\/p>\n<p>d\u0142ugo\u015b\u0107 r\u0119kawa wew.\/zew. &#8211; 66\/54 cm<\/p>\n<p>&nbsp;<\/p>\n<p>Sk\u0142ad z metki: 60% wiskoza, 35% poliester, 5% elastan<\/p>\n<p>Polish product<\/p>","protected":false},"excerpt":{"rendered":"<p>Elegancka i stylowa bluzka z okr\u0105g\u0142ym dekoltem to po\u0142\u0105czenie klasyki i nowoczesnych detali. D\u0142ugi r\u0119kaw zako\u0144czony zosta\u0142 efektown\u0105, przyszyt\u0105 r\u00f3\u017c\u0105, kt\u00f3ra dodaje ekstrawaganckiego akcentu. Dodatkowo, wyci\u0119cie na kciuk nadaje ca\u0142o\u015bci modnego, nieco sportowego charakteru. Boki s\u0105 delikatnie marszczone, co podkre\u015bla tali\u0119 i nadaje sylwetce kobiecego kszta\u0142tu. Idealna zar\u00f3wno do codziennych, jak i bardziej eleganckich stylizacji. [&hellip;]<\/p>","protected":false},"featured_media":9318,"comment_status":"open","ping_status":"closed","template":"","meta":[],"product_brand":[],"product_cat":[28,94],"product_tag":[],"class_list":{"0":"post-9317","1":"product","2":"type-product","3":"status-publish","4":"has-post-thumbnail","6":"product_cat-bluzki","7":"product_cat-nowosci","9":"first","10":"instock","11":"shipping-taxable","12":"purchasable","13":"product-type-variable"},"_links":{"self":[{"href":"https:\/\/classysassybutik.pl\/en\/wp-json\/wp\/v2\/product\/9317","targetHints":{"allow":["GET"]}}],"collection":[{"href":"https:\/\/classysassybutik.pl\/en\/wp-json\/wp\/v2\/product"}],"about":[{"href":"https:\/\/classysassybutik.pl\/en\/wp-json\/wp\/v2\/types\/product"}],"replies":[{"embeddable":true,"href":"https:\/\/classysassybutik.pl\/en\/wp-json\/wp\/v2\/comments?post=9317"}],"wp:featuredmedia":[{"embeddable":true,"href":"https:\/\/classysassybutik.pl\/en\/wp-json\/wp\/v2\/media\/9318"}],"wp:attachment":[{"href":"https:\/\/classysassybutik.pl\/en\/wp-json\/wp\/v2\/media?parent=9317"}],"wp:term":[{"taxonomy":"product_brand","embeddable":true,"href":"https:\/\/classysassybutik.pl\/en\/wp-json\/wp\/v2\/product_brand?post=9317"},{"taxonomy":"product_cat","embeddable":true,"href":"https:\/\/classysassybutik.pl\/en\/wp-json\/wp\/v2\/product_cat?post=9317"},{"taxonomy":"product_tag","embeddable":true,"href":"https:\/\/classysassybutik.pl\/en\/wp-json\/wp\/v2\/product_tag?post=9317"}],"curies":[{"name":"wp","href":"https:\/\/api.w.org\/{rel}","templated":true}]}}