{"id":9368,"date":"2025-08-05T16:02:01","date_gmt":"2025-08-05T14:02:01","guid":{"rendered":"https:\/\/classysassybutik.pl\/?post_type=product&#038;p=9368"},"modified":"2026-01-08T14:49:27","modified_gmt":"2026-01-08T13:49:27","slug":"torebka-shopperka-camel","status":"publish","type":"product","link":"https:\/\/classysassybutik.pl\/en\/product\/torebka-shopperka-camel\/","title":{"rendered":"Torebka Shopperka Camel"},"content":{"rendered":"<p style=\"text-align: left;\">Torebka Shopperka to prawdziwy must-have dla kobiet ceni\u0105cych jako\u015b\u0107 i funkcjonalno\u015b\u0107. Jej klasyczny, elegancki design pasuje do ka\u017cdej stylizacji \u2013 od casualowych po bardziej formalne. Idealna na co dzie\u0144, ale te\u017c na wi\u0119ksze wyj\u015bcia!<\/p>","protected":false},"excerpt":{"rendered":"<p>Torebka Shopperka to prawdziwy must-have dla kobiet ceni\u0105cych jako\u015b\u0107 i funkcjonalno\u015b\u0107. Jej klasyczny, elegancki design pasuje do ka\u017cdej stylizacji \u2013 od casualowych po bardziej formalne. Idealna na co dzie\u0144, ale te\u017c na wi\u0119ksze wyj\u015bcia!<\/p>","protected":false},"featured_media":9369,"comment_status":"open","ping_status":"closed","template":"","meta":[],"product_brand":[],"product_cat":[117],"product_tag":[],"class_list":{"0":"post-9368","1":"product","2":"type-product","3":"status-publish","4":"has-post-thumbnail","6":"product_cat-torebki","8":"first","9":"instock","10":"sale","11":"shipping-taxable","12":"purchasable","13":"product-type-simple"},"_links":{"self":[{"href":"https:\/\/classysassybutik.pl\/en\/wp-json\/wp\/v2\/product\/9368","targetHints":{"allow":["GET"]}}],"collection":[{"href":"https:\/\/classysassybutik.pl\/en\/wp-json\/wp\/v2\/product"}],"about":[{"href":"https:\/\/classysassybutik.pl\/en\/wp-json\/wp\/v2\/types\/product"}],"replies":[{"embeddable":true,"href":"https:\/\/classysassybutik.pl\/en\/wp-json\/wp\/v2\/comments?post=9368"}],"wp:featuredmedia":[{"embeddable":true,"href":"https:\/\/classysassybutik.pl\/en\/wp-json\/wp\/v2\/media\/9369"}],"wp:attachment":[{"href":"https:\/\/classysassybutik.pl\/en\/wp-json\/wp\/v2\/media?parent=9368"}],"wp:term":[{"taxonomy":"product_brand","embeddable":true,"href":"https:\/\/classysassybutik.pl\/en\/wp-json\/wp\/v2\/product_brand?post=9368"},{"taxonomy":"product_cat","embeddable":true,"href":"https:\/\/classysassybutik.pl\/en\/wp-json\/wp\/v2\/product_cat?post=9368"},{"taxonomy":"product_tag","embeddable":true,"href":"https:\/\/classysassybutik.pl\/en\/wp-json\/wp\/v2\/product_tag?post=9368"}],"curies":[{"name":"wp","href":"https:\/\/api.w.org\/{rel}","templated":true}]}}