{"id":9403,"date":"2025-08-08T14:46:43","date_gmt":"2025-08-08T12:46:43","guid":{"rendered":"https:\/\/classysassybutik.pl\/?post_type=product&#038;p=9403"},"modified":"2026-01-08T14:49:00","modified_gmt":"2026-01-08T13:49:00","slug":"body-z-chokerem-czerwone-diva","status":"publish","type":"product","link":"https:\/\/classysassybutik.pl\/en\/product\/body-z-chokerem-czerwone-diva\/","title":{"rendered":"Body z Chokerem Czerwone Diva"},"content":{"rendered":"<p>d\u0142ugo\u015b\u0107 ca\u0142kowita do kroku &#8211; 65 cm<\/p>\n<p>szeroko\u015b\u0107 w ramionach &#8211; 39 cm x 2<\/p>\n<p>szeroko\u015b\u0107 pacha &#8211; 34 cm x 2<\/p>\n<p>szeroko\u015b\u0107 w talii &#8211; 28 cm x 2<\/p>\n<p>szeroko\u015b\u0107 w biodrach &#8211; 32 cm x 2<\/p>\n<p>d\u0142ugo\u015b\u0107 r\u0119kawa &#8211; 48 cm<\/p>\n<p>Material composition:<\/p>\n<p>100% wiskoza<\/p>","protected":false},"excerpt":{"rendered":"<p>d\u0142ugo\u015b\u0107 ca\u0142kowita do kroku &#8211; 65 cm szeroko\u015b\u0107 w ramionach &#8211; 39 cm x 2 szeroko\u015b\u0107 pacha &#8211; 34 cm x 2 szeroko\u015b\u0107 w talii &#8211; 28 cm x 2 szeroko\u015b\u0107 w biodrach &#8211; 32 cm x 2 d\u0142ugo\u015b\u0107 r\u0119kawa &#8211; 48 cm Sk\u0142ad materia\u0142u: 100% wiskoza<\/p>","protected":false},"featured_media":9404,"comment_status":"open","ping_status":"closed","template":"","meta":[],"product_brand":[],"product_cat":[106,94],"product_tag":[],"class_list":{"0":"post-9403","1":"product","2":"type-product","3":"status-publish","4":"has-post-thumbnail","6":"product_cat-body","7":"product_cat-nowosci","9":"first","10":"instock","11":"sale","12":"shipping-taxable","13":"purchasable","14":"product-type-simple"},"_links":{"self":[{"href":"https:\/\/classysassybutik.pl\/en\/wp-json\/wp\/v2\/product\/9403","targetHints":{"allow":["GET"]}}],"collection":[{"href":"https:\/\/classysassybutik.pl\/en\/wp-json\/wp\/v2\/product"}],"about":[{"href":"https:\/\/classysassybutik.pl\/en\/wp-json\/wp\/v2\/types\/product"}],"replies":[{"embeddable":true,"href":"https:\/\/classysassybutik.pl\/en\/wp-json\/wp\/v2\/comments?post=9403"}],"wp:featuredmedia":[{"embeddable":true,"href":"https:\/\/classysassybutik.pl\/en\/wp-json\/wp\/v2\/media\/9404"}],"wp:attachment":[{"href":"https:\/\/classysassybutik.pl\/en\/wp-json\/wp\/v2\/media?parent=9403"}],"wp:term":[{"taxonomy":"product_brand","embeddable":true,"href":"https:\/\/classysassybutik.pl\/en\/wp-json\/wp\/v2\/product_brand?post=9403"},{"taxonomy":"product_cat","embeddable":true,"href":"https:\/\/classysassybutik.pl\/en\/wp-json\/wp\/v2\/product_cat?post=9403"},{"taxonomy":"product_tag","embeddable":true,"href":"https:\/\/classysassybutik.pl\/en\/wp-json\/wp\/v2\/product_tag?post=9403"}],"curies":[{"name":"wp","href":"https:\/\/api.w.org\/{rel}","templated":true}]}}