{"id":9476,"date":"2025-08-13T10:03:39","date_gmt":"2025-08-13T08:03:39","guid":{"rendered":"https:\/\/classysassybutik.pl\/?post_type=product&#038;p=9476"},"modified":"2026-01-08T14:45:20","modified_gmt":"2026-01-08T13:45:20","slug":"komplet-monella-marynarka-i-spodnica-czarny","status":"publish","type":"product","link":"https:\/\/classysassybutik.pl\/en\/product\/komplet-monella-marynarka-i-spodnica-czarny\/","title":{"rendered":"Komplet Monella Marynarka i Sp\u00f3dnica Czarny"},"content":{"rendered":"<p>Nowo\u015b\u0107, kt\u00f3ra zachwyca!<br \/>\nPrzepi\u0119kny komplet: elegancka marynarka ze sp\u00f3dniczk\u0105 \u2013 idealny na ka\u017cd\u0105 okazj\u0119.<br \/>\nRozmiar uniwersalny \u2013 \u015bwietnie dopasowuje si\u0119 do sylwetki.<br \/>\nMateria\u0142: mase\u0142ko (95% wiskoza, 5% elastan) \u2013 delikatny, mi\u0119kki i bardzo komfortowy w noszeniu.<br \/>\nPolska produkcja <!--\/data\/user\/0\/com.samsung.android.app.notes\/files\/clipdata\/clipdata_bodytext_250813_100058_215.sdocx--><\/p>","protected":false},"excerpt":{"rendered":"<p>Nowo\u015b\u0107, kt\u00f3ra zachwyca! Przepi\u0119kny komplet: elegancka marynarka ze sp\u00f3dniczk\u0105 \u2013 idealny na ka\u017cd\u0105 okazj\u0119. Rozmiar uniwersalny \u2013 \u015bwietnie dopasowuje si\u0119 do sylwetki. Materia\u0142: mase\u0142ko (95% wiskoza, 5% elastan) \u2013 delikatny, mi\u0119kki i bardzo komfortowy w noszeniu. Polska produkcja<\/p>","protected":false},"featured_media":9477,"comment_status":"open","ping_status":"closed","template":"","meta":[],"product_brand":[],"product_cat":[21],"product_tag":[],"class_list":{"0":"post-9476","1":"product","2":"type-product","3":"status-publish","4":"has-post-thumbnail","6":"product_cat-komplety","8":"first","9":"instock","10":"sale","11":"shipping-taxable","12":"purchasable","13":"product-type-simple"},"_links":{"self":[{"href":"https:\/\/classysassybutik.pl\/en\/wp-json\/wp\/v2\/product\/9476","targetHints":{"allow":["GET"]}}],"collection":[{"href":"https:\/\/classysassybutik.pl\/en\/wp-json\/wp\/v2\/product"}],"about":[{"href":"https:\/\/classysassybutik.pl\/en\/wp-json\/wp\/v2\/types\/product"}],"replies":[{"embeddable":true,"href":"https:\/\/classysassybutik.pl\/en\/wp-json\/wp\/v2\/comments?post=9476"}],"wp:featuredmedia":[{"embeddable":true,"href":"https:\/\/classysassybutik.pl\/en\/wp-json\/wp\/v2\/media\/9477"}],"wp:attachment":[{"href":"https:\/\/classysassybutik.pl\/en\/wp-json\/wp\/v2\/media?parent=9476"}],"wp:term":[{"taxonomy":"product_brand","embeddable":true,"href":"https:\/\/classysassybutik.pl\/en\/wp-json\/wp\/v2\/product_brand?post=9476"},{"taxonomy":"product_cat","embeddable":true,"href":"https:\/\/classysassybutik.pl\/en\/wp-json\/wp\/v2\/product_cat?post=9476"},{"taxonomy":"product_tag","embeddable":true,"href":"https:\/\/classysassybutik.pl\/en\/wp-json\/wp\/v2\/product_tag?post=9476"}],"curies":[{"name":"wp","href":"https:\/\/api.w.org\/{rel}","templated":true}]}}