{"id":9486,"date":"2025-08-14T16:54:56","date_gmt":"2025-08-14T14:54:56","guid":{"rendered":"https:\/\/classysassybutik.pl\/?post_type=product&#038;p=9486"},"modified":"2025-08-14T16:54:58","modified_gmt":"2025-08-14T14:54:58","slug":"koszula-katana-jeansowa-granatowa-la-milla","status":"publish","type":"product","link":"https:\/\/classysassybutik.pl\/en\/product\/koszula-katana-jeansowa-granatowa-la-milla\/","title":{"rendered":"Koszula Katana Jeansowa Granatowa La Milla"},"content":{"rendered":"<blockquote><p>Koszula katana jeansowa granatowa Lamilla, polska marka premium. Damska koszula Lamilla, o prostym kroju. Model o prostym kroju. Model zapinany na guziki, ko\u0142nierzyk. D\u0142ugi r\u0119kaw zako\u0144czony mankietem.<\/p><\/blockquote>\n<p>KOSZULA JEANSOWA GRANATOWA LAMILLA<\/p>\n<p>&nbsp;<\/p>\n<p>SK\u0141AD: 100% bawe\u0142na<\/p>\n<p>Size: one size<\/p>\n<p>Dimensions:<\/p>\n<p>Szeroko\u015b\u0107: 2\u00d765 cm, d\u0142ugo\u015b\u0107: 75 cm<\/p>","protected":false},"excerpt":{"rendered":"<p>Koszula katana jeansowa granatowa Lamilla, polska marka premium. Damska koszula Lamilla, o prostym kroju. Model o prostym kroju. Model zapinany na guziki, ko\u0142nierzyk. D\u0142ugi r\u0119kaw zako\u0144czony mankietem. KOSZULA JEANSOWA GRANATOWA LAMILLA &nbsp; SK\u0141AD: 100% bawe\u0142na Rozmiar: one size Wymiary: Szeroko\u015b\u0107: 2\u00d765 cm, d\u0142ugo\u015b\u0107: 75 cm<\/p>","protected":false},"featured_media":9487,"comment_status":"open","ping_status":"closed","template":"","meta":[],"product_brand":[],"product_cat":[114,94],"product_tag":[],"class_list":{"0":"post-9486","1":"product","2":"type-product","3":"status-publish","4":"has-post-thumbnail","6":"product_cat-koszula","7":"product_cat-nowosci","9":"first","10":"instock","11":"shipping-taxable","12":"purchasable","13":"product-type-simple"},"_links":{"self":[{"href":"https:\/\/classysassybutik.pl\/en\/wp-json\/wp\/v2\/product\/9486","targetHints":{"allow":["GET"]}}],"collection":[{"href":"https:\/\/classysassybutik.pl\/en\/wp-json\/wp\/v2\/product"}],"about":[{"href":"https:\/\/classysassybutik.pl\/en\/wp-json\/wp\/v2\/types\/product"}],"replies":[{"embeddable":true,"href":"https:\/\/classysassybutik.pl\/en\/wp-json\/wp\/v2\/comments?post=9486"}],"wp:featuredmedia":[{"embeddable":true,"href":"https:\/\/classysassybutik.pl\/en\/wp-json\/wp\/v2\/media\/9487"}],"wp:attachment":[{"href":"https:\/\/classysassybutik.pl\/en\/wp-json\/wp\/v2\/media?parent=9486"}],"wp:term":[{"taxonomy":"product_brand","embeddable":true,"href":"https:\/\/classysassybutik.pl\/en\/wp-json\/wp\/v2\/product_brand?post=9486"},{"taxonomy":"product_cat","embeddable":true,"href":"https:\/\/classysassybutik.pl\/en\/wp-json\/wp\/v2\/product_cat?post=9486"},{"taxonomy":"product_tag","embeddable":true,"href":"https:\/\/classysassybutik.pl\/en\/wp-json\/wp\/v2\/product_tag?post=9486"}],"curies":[{"name":"wp","href":"https:\/\/api.w.org\/{rel}","templated":true}]}}