{"id":9492,"date":"2025-08-14T17:00:23","date_gmt":"2025-08-14T15:00:23","guid":{"rendered":"https:\/\/classysassybutik.pl\/?post_type=product&#038;p=9492"},"modified":"2025-08-26T16:32:26","modified_gmt":"2025-08-26T14:32:26","slug":"marynarka-taliowana-pudrowy-roz","status":"publish","type":"product","link":"https:\/\/classysassybutik.pl\/en\/product\/marynarka-taliowana-pudrowy-roz\/","title":{"rendered":"Marynarka Taliowana Pudrowy R\u00f3\u017c"},"content":{"rendered":"<p dir=\"ltr\">Klasa i minimalizm w jednym. Taliowana marynarka w pi\u0119knych odcieniach to absolutny must-have tego sezonu.<\/p>\n<p dir=\"ltr\">Podkre\u015bla sylwetk\u0119, dodaje elegancji i sprawdza si\u0119 zar\u00f3wno\u00a0w pracy, jak i na wieczorne wyj\u015bcie.\u00a0Wykonana z materia\u0142u wysokiej jako\u015bci z klasycznym ko\u0142nierzem i zapi\u0119ciem na jeden guzik. Posiada dwie kieszenie.<\/p>\n<p dir=\"ltr\">Size M<\/p>\n<p dir=\"ltr\">szeroko\u015b\u0107 w\u00a0biu\u015bcie, 96 cm, 98 cm<\/p>\n<p dir=\"ltr\">szeroko\u015b\u0107 w pasie, 80 cm, 82 cm<\/p>\n<p dir=\"ltr\">d\u0142ugo\u015b\u0107 r\u0119kawa wewn\u0119trzna\/zewn\u0119trzna, 58 cm, 59 cm<\/p>\n<p dir=\"ltr\">d\u0142ugo\u015b\u0107 ca\u0142kowita\u00a0marynarki, 73 cm, 73 cm<\/p>\n<p dir=\"ltr\"><b>COMPOSITION:<\/b>\u00a060% poliester, 35 wiskoza% nylon, 5%\u00a0spandex<\/p>\n<p dir=\"ltr\"><b>MADE IN POLAND<\/b><\/p>","protected":false},"excerpt":{"rendered":"<p>Klasa i minimalizm w jednym. Taliowana marynarka w pi\u0119knych odcieniach to absolutny must-have tego sezonu. Podkre\u015bla sylwetk\u0119, dodaje elegancji i sprawdza si\u0119 zar\u00f3wno\u00a0w pracy, jak i na wieczorne wyj\u015bcie.\u00a0Wykonana z materia\u0142u wysokiej jako\u015bci z klasycznym ko\u0142nierzem i zapi\u0119ciem na jeden guzik. Posiada dwie kieszenie. Rozmiar M szeroko\u015b\u0107 w\u00a0biu\u015bcie, 96 cm, 98 cm szeroko\u015b\u0107 w pasie, [&hellip;]<\/p>","protected":false},"featured_media":9493,"comment_status":"open","ping_status":"closed","template":"","meta":[],"product_brand":[],"product_cat":[29],"product_tag":[],"class_list":{"0":"post-9492","1":"product","2":"type-product","3":"status-publish","4":"has-post-thumbnail","6":"product_cat-marynarki","8":"first","9":"instock","10":"sale","11":"shipping-taxable","12":"purchasable","13":"product-type-simple"},"_links":{"self":[{"href":"https:\/\/classysassybutik.pl\/en\/wp-json\/wp\/v2\/product\/9492","targetHints":{"allow":["GET"]}}],"collection":[{"href":"https:\/\/classysassybutik.pl\/en\/wp-json\/wp\/v2\/product"}],"about":[{"href":"https:\/\/classysassybutik.pl\/en\/wp-json\/wp\/v2\/types\/product"}],"replies":[{"embeddable":true,"href":"https:\/\/classysassybutik.pl\/en\/wp-json\/wp\/v2\/comments?post=9492"}],"wp:featuredmedia":[{"embeddable":true,"href":"https:\/\/classysassybutik.pl\/en\/wp-json\/wp\/v2\/media\/9493"}],"wp:attachment":[{"href":"https:\/\/classysassybutik.pl\/en\/wp-json\/wp\/v2\/media?parent=9492"}],"wp:term":[{"taxonomy":"product_brand","embeddable":true,"href":"https:\/\/classysassybutik.pl\/en\/wp-json\/wp\/v2\/product_brand?post=9492"},{"taxonomy":"product_cat","embeddable":true,"href":"https:\/\/classysassybutik.pl\/en\/wp-json\/wp\/v2\/product_cat?post=9492"},{"taxonomy":"product_tag","embeddable":true,"href":"https:\/\/classysassybutik.pl\/en\/wp-json\/wp\/v2\/product_tag?post=9492"}],"curies":[{"name":"wp","href":"https:\/\/api.w.org\/{rel}","templated":true}]}}