{"id":9500,"date":"2025-08-17T09:55:37","date_gmt":"2025-08-17T07:55:37","guid":{"rendered":"https:\/\/classysassybutik.pl\/?post_type=product&#038;p=9500"},"modified":"2025-08-17T09:55:38","modified_gmt":"2025-08-17T07:55:38","slug":"tshirt-girl-la-milla-bialy","status":"publish","type":"product","link":"https:\/\/classysassybutik.pl\/en\/product\/tshirt-girl-la-milla-bialy\/","title":{"rendered":"Tshirt Girl La Milla Bia\u0142y"},"content":{"rendered":"<p>Composition: 95% viscose, 5% elastane<\/p>\n<p>&nbsp;<\/p>\n<p>Kr\u00f3j oversize, modny nadruk. Poduszki na ramionach.<\/p>\n<p>&nbsp;<\/p>\n<p>Dimensions:<\/p>\n<p>&nbsp;<\/p>\n<p>Overall length: 60 cm<\/p>\n<p>Bust circumference: 110 cm<\/p>\n<p>D\u0142ugo\u015b\u0107 r\u0119kawa od pachy: 11 cm<\/p>\n<p>&nbsp;<\/p>\n<p>Clothes measured flat! Individual measurements may vary +\/- 2 cm.<\/p>\n<p>Polish product.<\/p>\n<p>&nbsp;<\/p>\n<p>Wysy\u0142ka po 20.08<\/p>","protected":false},"excerpt":{"rendered":"<p>Sk\u0142ad: 95% wiskoza, 5% elastan &nbsp; Kr\u00f3j oversize, modny nadruk. Poduszki na ramionach. &nbsp; Wymiary: &nbsp; D\u0142ugo\u015b\u0107 ca\u0142kowita: 60 cm Obw\u00f3d w biu\u015bcie: 110 cm D\u0142ugo\u015b\u0107 r\u0119kawa od pachy: 11 cm &nbsp; Ubrania mierzone na p\u0142asko! Poszczeg\u00f3lne wymiary mog\u0105 r\u00f3\u017cni\u0107 si\u0119 +\/- 2 cm. Produkt polski. &nbsp; Wysy\u0142ka po 20.08<\/p>","protected":false},"featured_media":9501,"comment_status":"open","ping_status":"closed","template":"","meta":[],"product_brand":[],"product_cat":[22,94,122],"product_tag":[],"class_list":{"0":"post-9500","1":"product","2":"type-product","3":"status-publish","4":"has-post-thumbnail","6":"product_cat-tshirty","7":"product_cat-nowosci","8":"product_cat-pre-order","10":"first","11":"instock","12":"shipping-taxable","13":"purchasable","14":"product-type-simple"},"_links":{"self":[{"href":"https:\/\/classysassybutik.pl\/en\/wp-json\/wp\/v2\/product\/9500","targetHints":{"allow":["GET"]}}],"collection":[{"href":"https:\/\/classysassybutik.pl\/en\/wp-json\/wp\/v2\/product"}],"about":[{"href":"https:\/\/classysassybutik.pl\/en\/wp-json\/wp\/v2\/types\/product"}],"replies":[{"embeddable":true,"href":"https:\/\/classysassybutik.pl\/en\/wp-json\/wp\/v2\/comments?post=9500"}],"wp:featuredmedia":[{"embeddable":true,"href":"https:\/\/classysassybutik.pl\/en\/wp-json\/wp\/v2\/media\/9501"}],"wp:attachment":[{"href":"https:\/\/classysassybutik.pl\/en\/wp-json\/wp\/v2\/media?parent=9500"}],"wp:term":[{"taxonomy":"product_brand","embeddable":true,"href":"https:\/\/classysassybutik.pl\/en\/wp-json\/wp\/v2\/product_brand?post=9500"},{"taxonomy":"product_cat","embeddable":true,"href":"https:\/\/classysassybutik.pl\/en\/wp-json\/wp\/v2\/product_cat?post=9500"},{"taxonomy":"product_tag","embeddable":true,"href":"https:\/\/classysassybutik.pl\/en\/wp-json\/wp\/v2\/product_tag?post=9500"}],"curies":[{"name":"wp","href":"https:\/\/api.w.org\/{rel}","templated":true}]}}