{"id":9616,"date":"2025-08-22T12:25:41","date_gmt":"2025-08-22T10:25:41","guid":{"rendered":"https:\/\/classysassybutik.pl\/?post_type=product&#038;p=9616"},"modified":"2025-11-04T16:22:43","modified_gmt":"2025-11-04T15:22:43","slug":"marynarka-z-paskiem-premium-la-milla","status":"publish","type":"product","link":"https:\/\/classysassybutik.pl\/en\/product\/marynarka-z-paskiem-premium-la-milla\/","title":{"rendered":"Marynarka z Paskiem Premium La Milla"},"content":{"rendered":"<p><strong>DIMENSIONS:<\/strong><br \/>\n<strong>UNI:\u00a0<\/strong>d\u0142. ca\u0142kowita 78 cm, biust 45 cm, r\u0119kaw 64 cm, ramiona 48 cm,<\/p>\n<p><strong>COMPOSITION:<\/strong><br \/>\n60% wiskoza<br \/>\n3% elastan<br \/>\n37% poliester<\/p>\n<p><strong>POLISH PRODUCT<\/strong><\/p>\n<ul>\n<li>Clothing measured flat. Possible difference in measurements +\/- 2cm.<\/li>\n<\/ul>\n<p><!--more--><\/p>","protected":false},"excerpt":{"rendered":"<p>WYMIARY: UNI:\u00a0d\u0142. ca\u0142kowita 78 cm, biust 45 cm, r\u0119kaw 64 cm, ramiona 48 cm, SK\u0141AD: 60% wiskoza 3% elastan 37% poliester PRODUKT POLSKI Ubranie mierzone na p\u0142asko. Mo\u017cliwa r\u00f3\u017cnica w wymiarach +\/- 2cm.<\/p>","protected":false},"featured_media":9617,"comment_status":"open","ping_status":"closed","template":"","meta":[],"product_brand":[],"product_cat":[94,29],"product_tag":[],"class_list":{"0":"post-9616","1":"product","2":"type-product","3":"status-publish","4":"has-post-thumbnail","6":"product_cat-nowosci","7":"product_cat-marynarki","9":"first","10":"instock","11":"sale","12":"shipping-taxable","13":"purchasable","14":"product-type-simple"},"_links":{"self":[{"href":"https:\/\/classysassybutik.pl\/en\/wp-json\/wp\/v2\/product\/9616","targetHints":{"allow":["GET"]}}],"collection":[{"href":"https:\/\/classysassybutik.pl\/en\/wp-json\/wp\/v2\/product"}],"about":[{"href":"https:\/\/classysassybutik.pl\/en\/wp-json\/wp\/v2\/types\/product"}],"replies":[{"embeddable":true,"href":"https:\/\/classysassybutik.pl\/en\/wp-json\/wp\/v2\/comments?post=9616"}],"wp:featuredmedia":[{"embeddable":true,"href":"https:\/\/classysassybutik.pl\/en\/wp-json\/wp\/v2\/media\/9617"}],"wp:attachment":[{"href":"https:\/\/classysassybutik.pl\/en\/wp-json\/wp\/v2\/media?parent=9616"}],"wp:term":[{"taxonomy":"product_brand","embeddable":true,"href":"https:\/\/classysassybutik.pl\/en\/wp-json\/wp\/v2\/product_brand?post=9616"},{"taxonomy":"product_cat","embeddable":true,"href":"https:\/\/classysassybutik.pl\/en\/wp-json\/wp\/v2\/product_cat?post=9616"},{"taxonomy":"product_tag","embeddable":true,"href":"https:\/\/classysassybutik.pl\/en\/wp-json\/wp\/v2\/product_tag?post=9616"}],"curies":[{"name":"wp","href":"https:\/\/api.w.org\/{rel}","templated":true}]}}