{"id":9710,"date":"2025-08-29T11:33:22","date_gmt":"2025-08-29T09:33:22","guid":{"rendered":"https:\/\/classysassybutik.pl\/?post_type=product&#038;p=9710"},"modified":"2025-12-01T11:39:34","modified_gmt":"2025-12-01T10:39:34","slug":"koszula-w-krate-la-milla-zielona","status":"publish","type":"product","link":"https:\/\/classysassybutik.pl\/en\/product\/koszula-w-krate-la-milla-zielona\/","title":{"rendered":"Koszula w Krat\u0119 La Milla Zielona"},"content":{"rendered":"<p>Styl i wygoda w jednym! Koszula w krat\u0119 La Milla to klasyka w nowoczesnym, oversizowym wydaniu. Wykonana w 100% z naturalnej bawe\u0142ny, zapewnia komfort i przewiewno\u015b\u0107 przez ca\u0142y dzie\u0144.<\/p>","protected":false},"excerpt":{"rendered":"<p>Styl i wygoda w jednym! Koszula w krat\u0119 La Milla to klasyka w nowoczesnym, oversizowym wydaniu. Wykonana w 100% z naturalnej bawe\u0142ny, zapewnia komfort i przewiewno\u015b\u0107 przez ca\u0142y dzie\u0144.<\/p>","protected":false},"featured_media":9725,"comment_status":"open","ping_status":"closed","template":"","meta":[],"product_brand":[],"product_cat":[94,114],"product_tag":[],"class_list":{"0":"post-9710","1":"product","2":"type-product","3":"status-publish","4":"has-post-thumbnail","6":"product_cat-nowosci","7":"product_cat-koszula","9":"first","10":"instock","11":"sale","12":"shipping-taxable","13":"purchasable","14":"product-type-simple"},"_links":{"self":[{"href":"https:\/\/classysassybutik.pl\/en\/wp-json\/wp\/v2\/product\/9710","targetHints":{"allow":["GET"]}}],"collection":[{"href":"https:\/\/classysassybutik.pl\/en\/wp-json\/wp\/v2\/product"}],"about":[{"href":"https:\/\/classysassybutik.pl\/en\/wp-json\/wp\/v2\/types\/product"}],"replies":[{"embeddable":true,"href":"https:\/\/classysassybutik.pl\/en\/wp-json\/wp\/v2\/comments?post=9710"}],"wp:featuredmedia":[{"embeddable":true,"href":"https:\/\/classysassybutik.pl\/en\/wp-json\/wp\/v2\/media\/9725"}],"wp:attachment":[{"href":"https:\/\/classysassybutik.pl\/en\/wp-json\/wp\/v2\/media?parent=9710"}],"wp:term":[{"taxonomy":"product_brand","embeddable":true,"href":"https:\/\/classysassybutik.pl\/en\/wp-json\/wp\/v2\/product_brand?post=9710"},{"taxonomy":"product_cat","embeddable":true,"href":"https:\/\/classysassybutik.pl\/en\/wp-json\/wp\/v2\/product_cat?post=9710"},{"taxonomy":"product_tag","embeddable":true,"href":"https:\/\/classysassybutik.pl\/en\/wp-json\/wp\/v2\/product_tag?post=9710"}],"curies":[{"name":"wp","href":"https:\/\/api.w.org\/{rel}","templated":true}]}}