{"id":9830,"date":"2025-09-02T17:05:43","date_gmt":"2025-09-02T15:05:43","guid":{"rendered":"https:\/\/classysassybutik.pl\/?post_type=product&#038;p=9830"},"modified":"2026-01-08T14:42:38","modified_gmt":"2026-01-08T13:42:38","slug":"bomberka-zamszowa-burgund","status":"publish","type":"product","link":"https:\/\/classysassybutik.pl\/en\/product\/bomberka-zamszowa-burgund\/","title":{"rendered":"Kurtka Bomberka Zamszowa Burgund"},"content":{"rendered":"<p>Sk\u0142ad:50% rayon, 45% poliester, 5% spandex<\/p>\n<p>&nbsp;<\/p>\n<p>Doskona\u0142e dope\u0142nienie stylizacji. Dwie kieszenie z klap\u0105 z przodu modelu. Lu\u017aniejszy kr\u00f3j. Bomberka posiada podszewk\u0119.<\/p>\n<p>&nbsp;<\/p>\n<p>Dimensions:<\/p>\n<p>&nbsp;<\/p>\n<p>Overall length: 53 cm<\/p>\n<p>Obw\u00f3d w biu\u015bcie: 114 cm<\/p>\n<p>Obw\u00f3d w pasie (gumka): od 90 cm do 100 cm po rozci\u0105gni\u0119ciu<\/p>\n<p>Sleeve length from armpit: 45 cm<\/p>\n<p>&nbsp;<\/p>\n<p>Clothes measured flat! Individual measurements may vary +\/-2 cm.<\/p>\n<p>&nbsp;<\/p>\n<p>Polish product<\/p>","protected":false},"excerpt":{"rendered":"<p>Sk\u0142ad:50% rayon, 45% poliester, 5% spandex &nbsp; Doskona\u0142e dope\u0142nienie stylizacji. Dwie kieszenie z klap\u0105 z przodu modelu. Lu\u017aniejszy kr\u00f3j. Bomberka posiada podszewk\u0119. &nbsp; Wymiary: &nbsp; D\u0142ugo\u015b\u0107 ca\u0142kowita: 53 cm Obw\u00f3d w biu\u015bcie: 114 cm Obw\u00f3d w pasie (gumka): od 90 cm do 100 cm po rozci\u0105gni\u0119ciu D\u0142ugo\u015b\u0107 r\u0119kawa od pachy: 45 cm &nbsp; Ubrania mierzone [&hellip;]<\/p>","protected":false},"featured_media":9831,"comment_status":"open","ping_status":"closed","template":"","meta":[],"product_brand":[],"product_cat":[32,33],"product_tag":[],"class_list":{"0":"post-9830","1":"product","2":"type-product","3":"status-publish","4":"has-post-thumbnail","6":"product_cat-okrycia-wierzchnie","7":"product_cat-wyprzedaz","9":"first","10":"instock","11":"sale","12":"shipping-taxable","13":"purchasable","14":"product-type-simple"},"_links":{"self":[{"href":"https:\/\/classysassybutik.pl\/en\/wp-json\/wp\/v2\/product\/9830","targetHints":{"allow":["GET"]}}],"collection":[{"href":"https:\/\/classysassybutik.pl\/en\/wp-json\/wp\/v2\/product"}],"about":[{"href":"https:\/\/classysassybutik.pl\/en\/wp-json\/wp\/v2\/types\/product"}],"replies":[{"embeddable":true,"href":"https:\/\/classysassybutik.pl\/en\/wp-json\/wp\/v2\/comments?post=9830"}],"wp:featuredmedia":[{"embeddable":true,"href":"https:\/\/classysassybutik.pl\/en\/wp-json\/wp\/v2\/media\/9831"}],"wp:attachment":[{"href":"https:\/\/classysassybutik.pl\/en\/wp-json\/wp\/v2\/media?parent=9830"}],"wp:term":[{"taxonomy":"product_brand","embeddable":true,"href":"https:\/\/classysassybutik.pl\/en\/wp-json\/wp\/v2\/product_brand?post=9830"},{"taxonomy":"product_cat","embeddable":true,"href":"https:\/\/classysassybutik.pl\/en\/wp-json\/wp\/v2\/product_cat?post=9830"},{"taxonomy":"product_tag","embeddable":true,"href":"https:\/\/classysassybutik.pl\/en\/wp-json\/wp\/v2\/product_tag?post=9830"}],"curies":[{"name":"wp","href":"https:\/\/api.w.org\/{rel}","templated":true}]}}