{"id":9902,"date":"2025-09-08T08:54:29","date_gmt":"2025-09-08T06:54:29","guid":{"rendered":"https:\/\/classysassybutik.pl\/?post_type=product&#038;p=9902"},"modified":"2025-09-08T08:54:30","modified_gmt":"2025-09-08T06:54:30","slug":"tshirt-kokardki-czarny-la-milla","status":"publish","type":"product","link":"https:\/\/classysassybutik.pl\/en\/product\/tshirt-kokardki-czarny-la-milla\/","title":{"rendered":"Tshirt Kokardki Czarny La Milla"},"content":{"rendered":"<p>Sk\u0142ad 95% wiskoza 5% elstan<\/p>\n<p>&nbsp;<\/p>\n<p>Dimensions:<\/p>\n<p>&nbsp;<\/p>\n<p>Size S<\/p>\n<p>d\u0142. ca\u0142kowita: 52 cm<\/p>\n<p>szer.w biu\u015bcie: 50 cm<\/p>\n<p>d\u0142. r\u0119kawa od pachy: 4 cm<\/p>\n<p>&nbsp;<\/p>\n<p>Size M<\/p>\n<p>d\u0142. ca\u0142kowita: 53 cm<\/p>\n<p>szer.w biu\u015bcie: 52 cm<\/p>\n<p>d\u0142. r\u0119kawa od pachy: 4 cm<\/p>\n<p>&nbsp;<\/p>\n<p>Size L<\/p>\n<p>d\u0142. ca\u0142kowita: 54 cm<\/p>\n<p>szer.w biu\u015bcie: 54 cm<\/p>\n<p>d\u0142. r\u0119kawa od pachy: 4 cm<\/p>","protected":false},"excerpt":{"rendered":"<p>Sk\u0142ad 95% wiskoza 5% elstan &nbsp; Wymiary: &nbsp; Rozmiar S d\u0142. ca\u0142kowita: 52 cm szer.w biu\u015bcie: 50 cm d\u0142. r\u0119kawa od pachy: 4 cm &nbsp; Rozmiar M d\u0142. ca\u0142kowita: 53 cm szer.w biu\u015bcie: 52 cm d\u0142. r\u0119kawa od pachy: 4 cm &nbsp; Rozmiar L d\u0142. ca\u0142kowita: 54 cm szer.w biu\u015bcie: 54 cm d\u0142. r\u0119kawa od [&hellip;]<\/p>","protected":false},"featured_media":9903,"comment_status":"open","ping_status":"closed","template":"","meta":[],"product_brand":[],"product_cat":[94,22],"product_tag":[],"class_list":{"0":"post-9902","1":"product","2":"type-product","3":"status-publish","4":"has-post-thumbnail","6":"product_cat-nowosci","7":"product_cat-tshirty","9":"first","10":"instock","11":"shipping-taxable","12":"purchasable","13":"product-type-variable"},"_links":{"self":[{"href":"https:\/\/classysassybutik.pl\/en\/wp-json\/wp\/v2\/product\/9902","targetHints":{"allow":["GET"]}}],"collection":[{"href":"https:\/\/classysassybutik.pl\/en\/wp-json\/wp\/v2\/product"}],"about":[{"href":"https:\/\/classysassybutik.pl\/en\/wp-json\/wp\/v2\/types\/product"}],"replies":[{"embeddable":true,"href":"https:\/\/classysassybutik.pl\/en\/wp-json\/wp\/v2\/comments?post=9902"}],"wp:featuredmedia":[{"embeddable":true,"href":"https:\/\/classysassybutik.pl\/en\/wp-json\/wp\/v2\/media\/9903"}],"wp:attachment":[{"href":"https:\/\/classysassybutik.pl\/en\/wp-json\/wp\/v2\/media?parent=9902"}],"wp:term":[{"taxonomy":"product_brand","embeddable":true,"href":"https:\/\/classysassybutik.pl\/en\/wp-json\/wp\/v2\/product_brand?post=9902"},{"taxonomy":"product_cat","embeddable":true,"href":"https:\/\/classysassybutik.pl\/en\/wp-json\/wp\/v2\/product_cat?post=9902"},{"taxonomy":"product_tag","embeddable":true,"href":"https:\/\/classysassybutik.pl\/en\/wp-json\/wp\/v2\/product_tag?post=9902"}],"curies":[{"name":"wp","href":"https:\/\/api.w.org\/{rel}","templated":true}]}}