{"id":9916,"date":"2025-09-08T15:01:35","date_gmt":"2025-09-08T13:01:35","guid":{"rendered":"https:\/\/classysassybutik.pl\/?post_type=product&#038;p=9916"},"modified":"2025-09-08T15:01:36","modified_gmt":"2025-09-08T13:01:36","slug":"tshirt-truskawki-la-milla-czarny","status":"publish","type":"product","link":"https:\/\/classysassybutik.pl\/en\/product\/tshirt-truskawki-la-milla-czarny\/","title":{"rendered":"Tshirt Truskawki La Milla Czarny"},"content":{"rendered":"<p>Dimensions:<\/p>\n<p>&nbsp;<\/p>\n<p>36\/S<\/p>\n<p>D\u0142. ca\u0142kowita &#8211; 50 cm<\/p>\n<p>Szer. w ramionach &#8211; 34 cm<\/p>\n<p>Szer. od pachy do pachy &#8211; 39 cm<\/p>\n<p>Szer. w talii &#8211; 37 cm<\/p>\n<p>Szer. na dole &#8211; 38 cm<\/p>\n<p>D\u0142. r\u0119kawa od ramienia &#8211; 16 cm<\/p>\n<p>D\u0142. r\u0119kawa od pachy &#8211; 4 cm<\/p>\n<p>Szer. w bicepsie &#8211; 15 cm<\/p>\n<p>&nbsp;<\/p>\n<p>38\/M<\/p>\n<p>D\u0142. ca\u0142kowita &#8211; 51 cm<\/p>\n<p>Szer. w ramionach &#8211; 35 cm<\/p>\n<p>Szer. od pachy do pachy &#8211; 40 cm<\/p>\n<p>Szer. w talii &#8211; 38 cm<\/p>\n<p>Szer. na dole &#8211; 39 cm<\/p>\n<p>D\u0142. r\u0119kawa od ramienia &#8211; 16 cm<\/p>\n<p>D\u0142. r\u0119kawa od pachy &#8211; 4 cm<\/p>\n<p>Szer. w bicepsie &#8211; 15 cm<\/p>\n<p>&nbsp;<\/p>\n<p>40\/L<\/p>\n<p>D\u0142. ca\u0142kowita &#8211; 52 cm<\/p>\n<p>Szer. w ramionach &#8211; 36 cm<\/p>\n<p>Szer. od pachy do pachy &#8211; 41 cm<\/p>\n<p>Szer. w talii &#8211; 39 cm<\/p>\n<p>Szer. na dole &#8211; 40 cm<\/p>\n<p>D\u0142. r\u0119kawa od ramienia &#8211; 17 cm<\/p>\n<p>D\u0142. r\u0119kawa od pachy &#8211; 5 cm<\/p>\n<p>Width at biceps - 16 cm<\/p>\n<p>&nbsp;<\/p>\n<p>Material composition:<\/p>\n<p>95% Viscose<\/p>\n<p>5% Elastane<\/p>\n<p>&nbsp;<\/p>\n<p>Polish product<\/p>","protected":false},"excerpt":{"rendered":"<p>Wymiary: &nbsp; 36\/S D\u0142. ca\u0142kowita &#8211; 50 cm Szer. w ramionach &#8211; 34 cm Szer. od pachy do pachy &#8211; 39 cm Szer. w talii &#8211; 37 cm Szer. na dole &#8211; 38 cm D\u0142. r\u0119kawa od ramienia &#8211; 16 cm D\u0142. r\u0119kawa od pachy &#8211; 4 cm Szer. w bicepsie &#8211; 15 cm &nbsp; [&hellip;]<\/p>","protected":false},"featured_media":9917,"comment_status":"open","ping_status":"closed","template":"","meta":[],"product_brand":[],"product_cat":[94,22],"product_tag":[],"class_list":{"0":"post-9916","1":"product","2":"type-product","3":"status-publish","4":"has-post-thumbnail","6":"product_cat-nowosci","7":"product_cat-tshirty","9":"first","10":"instock","11":"shipping-taxable","12":"purchasable","13":"product-type-variable"},"_links":{"self":[{"href":"https:\/\/classysassybutik.pl\/en\/wp-json\/wp\/v2\/product\/9916","targetHints":{"allow":["GET"]}}],"collection":[{"href":"https:\/\/classysassybutik.pl\/en\/wp-json\/wp\/v2\/product"}],"about":[{"href":"https:\/\/classysassybutik.pl\/en\/wp-json\/wp\/v2\/types\/product"}],"replies":[{"embeddable":true,"href":"https:\/\/classysassybutik.pl\/en\/wp-json\/wp\/v2\/comments?post=9916"}],"wp:featuredmedia":[{"embeddable":true,"href":"https:\/\/classysassybutik.pl\/en\/wp-json\/wp\/v2\/media\/9917"}],"wp:attachment":[{"href":"https:\/\/classysassybutik.pl\/en\/wp-json\/wp\/v2\/media?parent=9916"}],"wp:term":[{"taxonomy":"product_brand","embeddable":true,"href":"https:\/\/classysassybutik.pl\/en\/wp-json\/wp\/v2\/product_brand?post=9916"},{"taxonomy":"product_cat","embeddable":true,"href":"https:\/\/classysassybutik.pl\/en\/wp-json\/wp\/v2\/product_cat?post=9916"},{"taxonomy":"product_tag","embeddable":true,"href":"https:\/\/classysassybutik.pl\/en\/wp-json\/wp\/v2\/product_tag?post=9916"}],"curies":[{"name":"wp","href":"https:\/\/api.w.org\/{rel}","templated":true}]}}