{"id":9930,"date":"2025-09-09T16:49:41","date_gmt":"2025-09-09T14:49:41","guid":{"rendered":"https:\/\/classysassybutik.pl\/?post_type=product&#038;p=9930"},"modified":"2025-09-09T16:49:42","modified_gmt":"2025-09-09T14:49:42","slug":"tshirt-gazeta-la-milla-bialy","status":"publish","type":"product","link":"https:\/\/classysassybutik.pl\/en\/product\/tshirt-gazeta-la-milla-bialy\/","title":{"rendered":"Tshirt Gazeta La Milla Bia\u0142y"},"content":{"rendered":"<p>&nbsp;<\/p>\n<p>Bia\u0142y bawe\u0142niany t-shirt gazetka od polskie producenta La Milla<\/p>\n<p>Idealny do wielu stylizacjii. Stw\u00f3rz z nim modowy Look<\/p>\n<p>DIMENSIONS:<\/p>\n<p>UNI: d\u0142. ca\u0142kowita 60 cm, biust 47 cm, r\u0119kaw 20 cm, ramiona 57 cm,<\/p>\n<p>COMPOSITION:<\/p>\n<p>5% elastane<\/p>\n<p>95% viscose<\/p>\n<p>POLISH PRODUCT<\/p>\n<p>Clothing measured flat. Possible difference in measurements +\/- 2cm.<\/p>","protected":false},"excerpt":{"rendered":"<p>&nbsp; Bia\u0142y bawe\u0142niany t-shirt gazetka od polskie producenta La Milla Idealny do wielu stylizacjii. Stw\u00f3rz z nim modowy Look WYMIARY: UNI: d\u0142. ca\u0142kowita 60 cm, biust 47 cm, r\u0119kaw 20 cm, ramiona 57 cm, SK\u0141AD: 5% elastan 95% wiskoza PRODUKT POLSKI Ubranie mierzone na p\u0142asko. Mo\u017cliwa r\u00f3\u017cnica w wymiarach +\/- 2cm.<\/p>","protected":false},"featured_media":9931,"comment_status":"open","ping_status":"closed","template":"","meta":[],"product_brand":[],"product_cat":[94,22],"product_tag":[],"class_list":{"0":"post-9930","1":"product","2":"type-product","3":"status-publish","4":"has-post-thumbnail","6":"product_cat-nowosci","7":"product_cat-tshirty","9":"first","10":"instock","11":"shipping-taxable","12":"purchasable","13":"product-type-simple"},"_links":{"self":[{"href":"https:\/\/classysassybutik.pl\/en\/wp-json\/wp\/v2\/product\/9930","targetHints":{"allow":["GET"]}}],"collection":[{"href":"https:\/\/classysassybutik.pl\/en\/wp-json\/wp\/v2\/product"}],"about":[{"href":"https:\/\/classysassybutik.pl\/en\/wp-json\/wp\/v2\/types\/product"}],"replies":[{"embeddable":true,"href":"https:\/\/classysassybutik.pl\/en\/wp-json\/wp\/v2\/comments?post=9930"}],"wp:featuredmedia":[{"embeddable":true,"href":"https:\/\/classysassybutik.pl\/en\/wp-json\/wp\/v2\/media\/9931"}],"wp:attachment":[{"href":"https:\/\/classysassybutik.pl\/en\/wp-json\/wp\/v2\/media?parent=9930"}],"wp:term":[{"taxonomy":"product_brand","embeddable":true,"href":"https:\/\/classysassybutik.pl\/en\/wp-json\/wp\/v2\/product_brand?post=9930"},{"taxonomy":"product_cat","embeddable":true,"href":"https:\/\/classysassybutik.pl\/en\/wp-json\/wp\/v2\/product_cat?post=9930"},{"taxonomy":"product_tag","embeddable":true,"href":"https:\/\/classysassybutik.pl\/en\/wp-json\/wp\/v2\/product_tag?post=9930"}],"curies":[{"name":"wp","href":"https:\/\/api.w.org\/{rel}","templated":true}]}}