{"id":9969,"date":"2025-09-10T11:53:31","date_gmt":"2025-09-10T09:53:31","guid":{"rendered":"https:\/\/classysassybutik.pl\/?post_type=product&#038;p=9969"},"modified":"2025-12-01T11:37:44","modified_gmt":"2025-12-01T10:37:44","slug":"bluzka-koronka-krotka-la-milla-czarna","status":"publish","type":"product","link":"https:\/\/classysassybutik.pl\/en\/product\/bluzka-koronka-krotka-la-milla-czarna\/","title":{"rendered":"Bluzka Koronka Kr\u00f3tka La Milla Czarna"},"content":{"rendered":"<p>Original LaMilla product<\/p>\n<p>&nbsp;<\/p>\n<p>&nbsp;<\/p>\n<p>Composition: 95% viscose, 5% elastane<\/p>\n<p>&nbsp;<\/p>\n<p>Universal size<\/p>\n<p>D\u0142ugo\u015b\u0107 r\u0119kawa od dekoltu 52cm<\/p>\n<p>D\u0142ugo\u015b\u0107 r\u0119kawa od pachy 21cm<\/p>\n<p>Width between armpits 52cm x2<\/p>\n<p>Szeroko\u015b\u0107 na dole 50cm<\/p>\n<p>D\u0142ugo\u015b\u0107 44cm<\/p>","protected":false},"excerpt":{"rendered":"<p>Oryginalny produkt LaMilla &nbsp; &nbsp; Sk\u0142ad: 95% wiskoza, 5% elastan &nbsp; Rozmiar uniwersalny D\u0142ugo\u015b\u0107 r\u0119kawa od dekoltu 52cm D\u0142ugo\u015b\u0107 r\u0119kawa od pachy 21cm Szeroko\u015b\u0107 mi\u0119dzy pachami 52cm x2 Szeroko\u015b\u0107 na dole 50cm D\u0142ugo\u015b\u0107 44cm<\/p>","protected":false},"featured_media":10543,"comment_status":"open","ping_status":"closed","template":"","meta":[],"product_brand":[],"product_cat":[28,94],"product_tag":[],"class_list":{"0":"post-9969","1":"product","2":"type-product","3":"status-publish","4":"has-post-thumbnail","6":"product_cat-bluzki","7":"product_cat-nowosci","9":"first","10":"instock","11":"sale","12":"shipping-taxable","13":"purchasable","14":"product-type-simple"},"_links":{"self":[{"href":"https:\/\/classysassybutik.pl\/en\/wp-json\/wp\/v2\/product\/9969","targetHints":{"allow":["GET"]}}],"collection":[{"href":"https:\/\/classysassybutik.pl\/en\/wp-json\/wp\/v2\/product"}],"about":[{"href":"https:\/\/classysassybutik.pl\/en\/wp-json\/wp\/v2\/types\/product"}],"replies":[{"embeddable":true,"href":"https:\/\/classysassybutik.pl\/en\/wp-json\/wp\/v2\/comments?post=9969"}],"wp:featuredmedia":[{"embeddable":true,"href":"https:\/\/classysassybutik.pl\/en\/wp-json\/wp\/v2\/media\/10543"}],"wp:attachment":[{"href":"https:\/\/classysassybutik.pl\/en\/wp-json\/wp\/v2\/media?parent=9969"}],"wp:term":[{"taxonomy":"product_brand","embeddable":true,"href":"https:\/\/classysassybutik.pl\/en\/wp-json\/wp\/v2\/product_brand?post=9969"},{"taxonomy":"product_cat","embeddable":true,"href":"https:\/\/classysassybutik.pl\/en\/wp-json\/wp\/v2\/product_cat?post=9969"},{"taxonomy":"product_tag","embeddable":true,"href":"https:\/\/classysassybutik.pl\/en\/wp-json\/wp\/v2\/product_tag?post=9969"}],"curies":[{"name":"wp","href":"https:\/\/api.w.org\/{rel}","templated":true}]}}